{"id":475,"date":"2024-04-19T22:10:03","date_gmt":"2024-04-20T03:10:03","guid":{"rendered":"https:\/\/agrofeliz.com\/?post_type=product&#038;p=475"},"modified":"2024-06-04T19:45:16","modified_gmt":"2024-06-05T00:45:16","slug":"celdas-cristales-cubos-pulpa-de-aloe-vera-natural","status":"publish","type":"product","link":"https:\/\/agrofeliz.com.co\/en\/product\/celdas-cristales-cubos-pulpa-de-aloe-vera-natural","title":{"rendered":"Natural Aloe Vera Cells\/Crystals\/Cubes\/Pulp"},"content":{"rendered":"<p>[et_pb_section fb_built=&#8221;1&#8243; _builder_version=&#8221;4.16&#8243; custom_padding=&#8221;0px||||false|false&#8221; global_colors_info=&#8221;{}&#8221;][et_pb_row _builder_version=&#8221;4.16&#8243; background_size=&#8221;initial&#8221; background_position=&#8221;top_left&#8221; background_repeat=&#8221;repeat&#8221; width=&#8221;100%&#8221; custom_padding=&#8221;0px||0px||false|false&#8221; global_colors_info=&#8221;{}&#8221;][et_pb_column type=&#8221;4_4&#8243; _builder_version=&#8221;4.16&#8243; custom_padding=&#8221;|||&#8221; global_colors_info=&#8221;{}&#8221; custom_padding__hover=&#8221;|||&#8221;][et_pb_wc_breadcrumb _builder_version=&#8221;4.16&#8243; global_colors_info=&#8221;{}&#8221;][\/et_pb_wc_breadcrumb][et_pb_wc_cart_notice _builder_version=&#8221;4.16&#8243; global_colors_info=&#8221;{}&#8221;][\/et_pb_wc_cart_notice][\/et_pb_column][\/et_pb_row][et_pb_row _builder_version=&#8221;4.16&#8243; background_size=&#8221;initial&#8221; background_position=&#8221;top_left&#8221; background_repeat=&#8221;repeat&#8221; width=&#8221;100%&#8221; custom_padding=&#8221;0px||||false|false&#8221; global_colors_info=&#8221;{}&#8221; column_structure=&#8221;1_2,1_2&#8243;][et_pb_column type=&#8221;1_2&#8243; _builder_version=&#8221;4.16&#8243; custom_padding=&#8221;|||&#8221; global_colors_info=&#8221;{}&#8221; custom_padding__hover=&#8221;|||&#8221;][et_pb_wc_images _builder_version=&#8221;4.16&#8243; global_colors_info=&#8221;{}&#8221;][\/et_pb_wc_images][\/et_pb_column][et_pb_column type=&#8221;1_2&#8243; _builder_version=&#8221;4.16&#8243; custom_padding=&#8221;|||&#8221; global_colors_info=&#8221;{}&#8221; custom_padding__hover=&#8221;|||&#8221;][et_pb_wc_title _builder_version=&#8221;4.16&#8243; global_colors_info=&#8221;{}&#8221;][\/et_pb_wc_title][et_pb_wc_rating _builder_version=&#8221;4.16&#8243; global_colors_info=&#8221;{}&#8221;][\/et_pb_wc_rating][et_pb_wc_price _builder_version=&#8221;4.25.1&#8243; hover_enabled=&#8221;0&#8243; global_colors_info=&#8221;{}&#8221; disabled_on=&#8221;on|on|on&#8221; disabled=&#8221;on&#8221; sticky_enabled=&#8221;0&#8243;][\/et_pb_wc_price][et_pb_wc_description _builder_version=&#8221;4.16&#8243; global_colors_info=&#8221;{}&#8221;][\/et_pb_wc_description][et_pb_wc_add_to_cart _builder_version=&#8221;4.16&#8243; global_colors_info=&#8221;{}&#8221;][\/et_pb_wc_add_to_cart][et_pb_wc_meta _builder_version=&#8221;4.16&#8243; global_colors_info=&#8221;{}&#8221;][\/et_pb_wc_meta][\/et_pb_column][\/et_pb_row][et_pb_row _builder_version=&#8221;4.16&#8243; background_size=&#8221;initial&#8221; background_position=&#8221;top_left&#8221; background_repeat=&#8221;repeat&#8221; width=&#8221;100%&#8221; global_colors_info=&#8221;{}&#8221;][et_pb_column type=&#8221;4_4&#8243; _builder_version=&#8221;4.16&#8243; custom_padding=&#8221;|||&#8221; global_colors_info=&#8221;{}&#8221; custom_padding__hover=&#8221;|||&#8221;][et_pb_wc_tabs _builder_version=&#8221;4.16&#8243; global_colors_info=&#8221;{}&#8221;]\t\t\t\t\t[\/et_pb_wc_tabs][et_pb_wc_upsells _builder_version=&#8221;4.16&#8243; global_colors_info=&#8221;{}&#8221;][\/et_pb_wc_upsells][et_pb_wc_related_products _builder_version=&#8221;4.16&#8243; global_colors_info=&#8221;{}&#8221;][\/et_pb_wc_related_products][\/et_pb_column][\/et_pb_row][\/et_pb_section]<\/p>","protected":false},"excerpt":{"rendered":"<p>It is characterized by its gelatinous consistency and mild, refreshing flavor. It can be added to juices, smoothies, water, and other beverages to provide additional hydration and health benefits. Aloe Vera crystals or cubes are larger pieces of gel that can be added to drinks to create a unique sensory experience, offering a slightly crunchy and fresh texture when bitten into.<\/p>","protected":false},"featured_media":389,"comment_status":"closed","ping_status":"closed","template":"","meta":{"_et_pb_use_builder":"on","_et_pb_old_content":"Este producto es apreciado por su contenido de nutrientes, como vitaminas, minerales y antioxidantes, as\u00ed como por sus propiedades hidratantes, calmantes y refrescantes para el cuerpo, son una opci\u00f3n popular para quienes buscan bebidas saludables y refrescantes con un toque natural y beneficioso para la salud.","_et_gb_content_width":""},"product_brand":[],"product_cat":[23],"product_tag":[26,28],"class_list":{"0":"post-475","1":"product","2":"type-product","3":"status-publish","4":"has-post-thumbnail","6":"product_cat-materia-prima","7":"product_tag-alimentaria","8":"product_tag-bebidas","10":"first","11":"instock","12":"shipping-taxable","13":"purchasable","14":"product-type-variable","15":"has-default-attributes"},"yoast_head":"<!-- This site is optimized with the Yoast SEO plugin v26.2 - https:\/\/yoast.com\/wordpress\/plugins\/seo\/ -->\n<title>Celdas\/cristales\/cubos\/pulpa de Aloe Vera natural - Agrofeliz<\/title>\n<meta name=\"robots\" content=\"index, follow, max-snippet:-1, max-image-preview:large, max-video-preview:-1\" \/>\n<link rel=\"canonical\" href=\"https:\/\/agrofeliz.com.co\/en\/product\/celdas-cristales-cubos-pulpa-de-aloe-vera-natural\/\" \/>\n<meta property=\"og:locale\" content=\"en_US\" \/>\n<meta property=\"og:type\" content=\"article\" \/>\n<meta property=\"og:title\" content=\"Celdas\/cristales\/cubos\/pulpa de Aloe Vera natural - Agrofeliz\" \/>\n<meta property=\"og:description\" content=\"Se caracteriza por su consistencia gelatinosa y su sabor suave y refrescante, se puede a\u00f1adir a jugos, batidos, agua y otras bebidas para proporcionar hidrataci\u00f3n adicional y beneficios para la salud, los cristales o cubos de Aloe Vera son trozos m\u00e1s grandes de gel que se pueden agregar a las bebidas para crear una experiencia sensorial \u00fanica, ofreciendo una textura ligeramente crujiente y fresca al morderlos.\" \/>\n<meta property=\"og:url\" content=\"https:\/\/agrofeliz.com.co\/en\/product\/celdas-cristales-cubos-pulpa-de-aloe-vera-natural\/\" \/>\n<meta property=\"og:site_name\" content=\"Agrofeliz\" \/>\n<meta property=\"article:publisher\" content=\"https:\/\/www.facebook.com\/Agrofeliz\/\" \/>\n<meta property=\"article:modified_time\" content=\"2024-06-05T00:45:16+00:00\" \/>\n<meta property=\"og:image\" content=\"https:\/\/agrofeliz.com.co\/wp-content\/uploads\/2024\/04\/Cristales-de-Aloe-Vera-natural.webp\" \/>\n\t<meta property=\"og:image:width\" content=\"800\" \/>\n\t<meta property=\"og:image:height\" content=\"800\" \/>\n\t<meta property=\"og:image:type\" content=\"image\/webp\" \/>\n<meta name=\"twitter:card\" content=\"summary_large_image\" \/>\n<meta name=\"twitter:label1\" content=\"Est. reading time\" \/>\n\t<meta name=\"twitter:data1\" content=\"1 minute\" \/>\n<script type=\"application\/ld+json\" class=\"yoast-schema-graph\">{\"@context\":\"https:\/\/schema.org\",\"@graph\":[{\"@type\":\"WebPage\",\"@id\":\"https:\/\/agrofeliz.com.co\/producto\/celdas-cristales-cubos-pulpa-de-aloe-vera-natural\",\"url\":\"https:\/\/agrofeliz.com.co\/producto\/celdas-cristales-cubos-pulpa-de-aloe-vera-natural\",\"name\":\"Celdas\/cristales\/cubos\/pulpa de Aloe Vera natural - Agrofeliz\",\"isPartOf\":{\"@id\":\"https:\/\/agrofeliz.com.co\/#website\"},\"primaryImageOfPage\":{\"@id\":\"https:\/\/agrofeliz.com.co\/producto\/celdas-cristales-cubos-pulpa-de-aloe-vera-natural#primaryimage\"},\"image\":{\"@id\":\"https:\/\/agrofeliz.com.co\/producto\/celdas-cristales-cubos-pulpa-de-aloe-vera-natural#primaryimage\"},\"thumbnailUrl\":\"https:\/\/agrofeliz.com.co\/wp-content\/uploads\/2024\/04\/Cristales-de-Aloe-Vera-natural.webp\",\"datePublished\":\"2024-04-20T03:10:03+00:00\",\"dateModified\":\"2024-06-05T00:45:16+00:00\",\"breadcrumb\":{\"@id\":\"https:\/\/agrofeliz.com.co\/producto\/celdas-cristales-cubos-pulpa-de-aloe-vera-natural#breadcrumb\"},\"inLanguage\":\"en-US\",\"potentialAction\":[{\"@type\":\"ReadAction\",\"target\":[\"https:\/\/agrofeliz.com.co\/producto\/celdas-cristales-cubos-pulpa-de-aloe-vera-natural\"]}]},{\"@type\":\"ImageObject\",\"inLanguage\":\"en-US\",\"@id\":\"https:\/\/agrofeliz.com.co\/producto\/celdas-cristales-cubos-pulpa-de-aloe-vera-natural#primaryimage\",\"url\":\"https:\/\/agrofeliz.com.co\/wp-content\/uploads\/2024\/04\/Cristales-de-Aloe-Vera-natural.webp\",\"contentUrl\":\"https:\/\/agrofeliz.com.co\/wp-content\/uploads\/2024\/04\/Cristales-de-Aloe-Vera-natural.webp\",\"width\":800,\"height\":800},{\"@type\":\"BreadcrumbList\",\"@id\":\"https:\/\/agrofeliz.com.co\/producto\/celdas-cristales-cubos-pulpa-de-aloe-vera-natural#breadcrumb\",\"itemListElement\":[{\"@type\":\"ListItem\",\"position\":1,\"name\":\"Agrofeliz\",\"item\":\"https:\/\/agrofeliz.com.co\/\"},{\"@type\":\"ListItem\",\"position\":2,\"name\":\"Tienda\",\"item\":\"https:\/\/agrofeliz.com.co\/tienda\"},{\"@type\":\"ListItem\",\"position\":3,\"name\":\"Celdas\/cristales\/cubos\/pulpa de Aloe Vera natural\"}]},{\"@type\":\"WebSite\",\"@id\":\"https:\/\/agrofeliz.com.co\/#website\",\"url\":\"https:\/\/agrofeliz.com.co\/\",\"name\":\"Agrofeliz\",\"description\":\"Productores de Aloe Vera Org\u00e1nica en Colombia\",\"publisher\":{\"@id\":\"https:\/\/agrofeliz.com.co\/#organization\"},\"potentialAction\":[{\"@type\":\"SearchAction\",\"target\":{\"@type\":\"EntryPoint\",\"urlTemplate\":\"https:\/\/agrofeliz.com.co\/?s={search_term_string}\"},\"query-input\":{\"@type\":\"PropertyValueSpecification\",\"valueRequired\":true,\"valueName\":\"search_term_string\"}}],\"inLanguage\":\"en-US\"},{\"@type\":\"Organization\",\"@id\":\"https:\/\/agrofeliz.com.co\/#organization\",\"name\":\"Agrofeliz Zomac SAS\",\"alternateName\":\"Agrofeliz\",\"url\":\"https:\/\/agrofeliz.com.co\/\",\"logo\":{\"@type\":\"ImageObject\",\"inLanguage\":\"en-US\",\"@id\":\"https:\/\/agrofeliz.com.co\/#\/schema\/logo\/image\/\",\"url\":\"https:\/\/agrofeliz.com.co\/wp-content\/uploads\/2023\/06\/Agrofeliz_r.svg\",\"contentUrl\":\"https:\/\/agrofeliz.com.co\/wp-content\/uploads\/2023\/06\/Agrofeliz_r.svg\",\"width\":870,\"height\":262,\"caption\":\"Agrofeliz Zomac SAS\"},\"image\":{\"@id\":\"https:\/\/agrofeliz.com.co\/#\/schema\/logo\/image\/\"},\"sameAs\":[\"https:\/\/www.facebook.com\/Agrofeliz\/\",\"https:\/\/instagram.com\/agrofeliz_zomac\"]}]}<\/script>\n<!-- \/ Yoast SEO plugin. -->","yoast_head_json":{"title":"Celdas\/cristales\/cubos\/pulpa de Aloe Vera natural - Agrofeliz","robots":{"index":"index","follow":"follow","max-snippet":"max-snippet:-1","max-image-preview":"max-image-preview:large","max-video-preview":"max-video-preview:-1"},"canonical":"https:\/\/agrofeliz.com.co\/en\/product\/celdas-cristales-cubos-pulpa-de-aloe-vera-natural\/","og_locale":"en_US","og_type":"article","og_title":"Celdas\/cristales\/cubos\/pulpa de Aloe Vera natural - Agrofeliz","og_description":"Se caracteriza por su consistencia gelatinosa y su sabor suave y refrescante, se puede a\u00f1adir a jugos, batidos, agua y otras bebidas para proporcionar hidrataci\u00f3n adicional y beneficios para la salud, los cristales o cubos de Aloe Vera son trozos m\u00e1s grandes de gel que se pueden agregar a las bebidas para crear una experiencia sensorial \u00fanica, ofreciendo una textura ligeramente crujiente y fresca al morderlos.","og_url":"https:\/\/agrofeliz.com.co\/en\/product\/celdas-cristales-cubos-pulpa-de-aloe-vera-natural\/","og_site_name":"Agrofeliz","article_publisher":"https:\/\/www.facebook.com\/Agrofeliz\/","article_modified_time":"2024-06-05T00:45:16+00:00","og_image":[{"width":800,"height":800,"url":"https:\/\/agrofeliz.com.co\/wp-content\/uploads\/2024\/04\/Cristales-de-Aloe-Vera-natural.webp","type":"image\/webp"}],"twitter_card":"summary_large_image","twitter_misc":{"Est. reading time":"1 minute"},"schema":{"@context":"https:\/\/schema.org","@graph":[{"@type":"WebPage","@id":"https:\/\/agrofeliz.com.co\/producto\/celdas-cristales-cubos-pulpa-de-aloe-vera-natural","url":"https:\/\/agrofeliz.com.co\/producto\/celdas-cristales-cubos-pulpa-de-aloe-vera-natural","name":"Celdas\/cristales\/cubos\/pulpa de Aloe Vera natural - Agrofeliz","isPartOf":{"@id":"https:\/\/agrofeliz.com.co\/#website"},"primaryImageOfPage":{"@id":"https:\/\/agrofeliz.com.co\/producto\/celdas-cristales-cubos-pulpa-de-aloe-vera-natural#primaryimage"},"image":{"@id":"https:\/\/agrofeliz.com.co\/producto\/celdas-cristales-cubos-pulpa-de-aloe-vera-natural#primaryimage"},"thumbnailUrl":"https:\/\/agrofeliz.com.co\/wp-content\/uploads\/2024\/04\/Cristales-de-Aloe-Vera-natural.webp","datePublished":"2024-04-20T03:10:03+00:00","dateModified":"2024-06-05T00:45:16+00:00","breadcrumb":{"@id":"https:\/\/agrofeliz.com.co\/producto\/celdas-cristales-cubos-pulpa-de-aloe-vera-natural#breadcrumb"},"inLanguage":"en-US","potentialAction":[{"@type":"ReadAction","target":["https:\/\/agrofeliz.com.co\/producto\/celdas-cristales-cubos-pulpa-de-aloe-vera-natural"]}]},{"@type":"ImageObject","inLanguage":"en-US","@id":"https:\/\/agrofeliz.com.co\/producto\/celdas-cristales-cubos-pulpa-de-aloe-vera-natural#primaryimage","url":"https:\/\/agrofeliz.com.co\/wp-content\/uploads\/2024\/04\/Cristales-de-Aloe-Vera-natural.webp","contentUrl":"https:\/\/agrofeliz.com.co\/wp-content\/uploads\/2024\/04\/Cristales-de-Aloe-Vera-natural.webp","width":800,"height":800},{"@type":"BreadcrumbList","@id":"https:\/\/agrofeliz.com.co\/producto\/celdas-cristales-cubos-pulpa-de-aloe-vera-natural#breadcrumb","itemListElement":[{"@type":"ListItem","position":1,"name":"Agrofeliz","item":"https:\/\/agrofeliz.com.co\/"},{"@type":"ListItem","position":2,"name":"Tienda","item":"https:\/\/agrofeliz.com.co\/tienda"},{"@type":"ListItem","position":3,"name":"Celdas\/cristales\/cubos\/pulpa de Aloe Vera natural"}]},{"@type":"WebSite","@id":"https:\/\/agrofeliz.com.co\/#website","url":"https:\/\/agrofeliz.com.co\/","name":"Agrofeliz","description":"Productores de Aloe Vera Org\u00e1nica en Colombia","publisher":{"@id":"https:\/\/agrofeliz.com.co\/#organization"},"potentialAction":[{"@type":"SearchAction","target":{"@type":"EntryPoint","urlTemplate":"https:\/\/agrofeliz.com.co\/?s={search_term_string}"},"query-input":{"@type":"PropertyValueSpecification","valueRequired":true,"valueName":"search_term_string"}}],"inLanguage":"en-US"},{"@type":"Organization","@id":"https:\/\/agrofeliz.com.co\/#organization","name":"Agrofeliz Zomac SAS","alternateName":"Agrofeliz","url":"https:\/\/agrofeliz.com.co\/","logo":{"@type":"ImageObject","inLanguage":"en-US","@id":"https:\/\/agrofeliz.com.co\/#\/schema\/logo\/image\/","url":"https:\/\/agrofeliz.com.co\/wp-content\/uploads\/2023\/06\/Agrofeliz_r.svg","contentUrl":"https:\/\/agrofeliz.com.co\/wp-content\/uploads\/2023\/06\/Agrofeliz_r.svg","width":870,"height":262,"caption":"Agrofeliz Zomac SAS"},"image":{"@id":"https:\/\/agrofeliz.com.co\/#\/schema\/logo\/image\/"},"sameAs":["https:\/\/www.facebook.com\/Agrofeliz\/","https:\/\/instagram.com\/agrofeliz_zomac"]}]}},"_links":{"self":[{"href":"https:\/\/agrofeliz.com.co\/en\/wp-json\/wp\/v2\/product\/475","targetHints":{"allow":["GET"]}}],"collection":[{"href":"https:\/\/agrofeliz.com.co\/en\/wp-json\/wp\/v2\/product"}],"about":[{"href":"https:\/\/agrofeliz.com.co\/en\/wp-json\/wp\/v2\/types\/product"}],"replies":[{"embeddable":true,"href":"https:\/\/agrofeliz.com.co\/en\/wp-json\/wp\/v2\/comments?post=475"}],"wp:featuredmedia":[{"embeddable":true,"href":"https:\/\/agrofeliz.com.co\/en\/wp-json\/wp\/v2\/media\/389"}],"wp:attachment":[{"href":"https:\/\/agrofeliz.com.co\/en\/wp-json\/wp\/v2\/media?parent=475"}],"wp:term":[{"taxonomy":"product_brand","embeddable":true,"href":"https:\/\/agrofeliz.com.co\/en\/wp-json\/wp\/v2\/product_brand?post=475"},{"taxonomy":"product_cat","embeddable":true,"href":"https:\/\/agrofeliz.com.co\/en\/wp-json\/wp\/v2\/product_cat?post=475"},{"taxonomy":"product_tag","embeddable":true,"href":"https:\/\/agrofeliz.com.co\/en\/wp-json\/wp\/v2\/product_tag?post=475"}],"curies":[{"name":"wp","href":"https:\/\/api.w.org\/{rel}","templated":true}]}}