{"id":445,"date":"2024-04-19T22:07:35","date_gmt":"2024-04-20T03:07:35","guid":{"rendered":"https:\/\/agrofeliz.com\/?post_type=product&#038;p=445"},"modified":"2024-06-04T19:54:45","modified_gmt":"2024-06-05T00:54:45","slug":"ginger-aloe-vera-juice","status":"publish","type":"product","link":"https:\/\/agrofeliz.com.co\/en\/product\/ginger-aloe-vera-juice","title":{"rendered":"GINGER ALOE VERA JUICE"},"content":{"rendered":"<p>[et_pb_section fb_built=&#8221;1&#8243; _builder_version=&#8221;4.16&#8243; custom_padding=&#8221;0px||||false|false&#8221; global_colors_info=&#8221;{}&#8221;][et_pb_row _builder_version=&#8221;4.16&#8243; background_size=&#8221;initial&#8221; background_position=&#8221;top_left&#8221; background_repeat=&#8221;repeat&#8221; width=&#8221;100%&#8221; custom_padding=&#8221;0px||0px||false|false&#8221; global_colors_info=&#8221;{}&#8221;][et_pb_column type=&#8221;4_4&#8243; _builder_version=&#8221;4.16&#8243; custom_padding=&#8221;|||&#8221; global_colors_info=&#8221;{}&#8221; custom_padding__hover=&#8221;|||&#8221;][et_pb_wc_breadcrumb _builder_version=&#8221;4.16&#8243; global_colors_info=&#8221;{}&#8221;][\/et_pb_wc_breadcrumb][et_pb_wc_cart_notice _builder_version=&#8221;4.16&#8243; global_colors_info=&#8221;{}&#8221;][\/et_pb_wc_cart_notice][\/et_pb_column][\/et_pb_row][et_pb_row _builder_version=&#8221;4.16&#8243; background_size=&#8221;initial&#8221; background_position=&#8221;top_left&#8221; background_repeat=&#8221;repeat&#8221; width=&#8221;100%&#8221; custom_padding=&#8221;0px||||false|false&#8221; global_colors_info=&#8221;{}&#8221; column_structure=&#8221;1_2,1_2&#8243;][et_pb_column type=&#8221;1_2&#8243; _builder_version=&#8221;4.16&#8243; custom_padding=&#8221;|||&#8221; global_colors_info=&#8221;{}&#8221; custom_padding__hover=&#8221;|||&#8221;][et_pb_wc_images _builder_version=&#8221;4.16&#8243; global_colors_info=&#8221;{}&#8221;][\/et_pb_wc_images][\/et_pb_column][et_pb_column type=&#8221;1_2&#8243; _builder_version=&#8221;4.16&#8243; custom_padding=&#8221;|||&#8221; global_colors_info=&#8221;{}&#8221; custom_padding__hover=&#8221;|||&#8221;][et_pb_wc_title _builder_version=&#8221;4.16&#8243; global_colors_info=&#8221;{}&#8221;][\/et_pb_wc_title][et_pb_wc_rating _builder_version=&#8221;4.16&#8243; global_colors_info=&#8221;{}&#8221;][\/et_pb_wc_rating][et_pb_wc_price _builder_version=&#8221;4.25.1&#8243; hover_enabled=&#8221;0&#8243; global_colors_info=&#8221;{}&#8221; disabled_on=&#8221;on|on|on&#8221; disabled=&#8221;on&#8221; sticky_enabled=&#8221;0&#8243;][\/et_pb_wc_price][et_pb_wc_description _builder_version=&#8221;4.16&#8243; global_colors_info=&#8221;{}&#8221;][\/et_pb_wc_description][et_pb_wc_add_to_cart _builder_version=&#8221;4.16&#8243; global_colors_info=&#8221;{}&#8221;][\/et_pb_wc_add_to_cart][et_pb_wc_meta _builder_version=&#8221;4.16&#8243; global_colors_info=&#8221;{}&#8221;][\/et_pb_wc_meta][\/et_pb_column][\/et_pb_row][et_pb_row _builder_version=&#8221;4.16&#8243; background_size=&#8221;initial&#8221; background_position=&#8221;top_left&#8221; background_repeat=&#8221;repeat&#8221; width=&#8221;100%&#8221; global_colors_info=&#8221;{}&#8221;][et_pb_column type=&#8221;4_4&#8243; _builder_version=&#8221;4.16&#8243; custom_padding=&#8221;|||&#8221; global_colors_info=&#8221;{}&#8221; custom_padding__hover=&#8221;|||&#8221;][et_pb_wc_tabs _builder_version=&#8221;4.16&#8243; global_colors_info=&#8221;{}&#8221;]\t\t\t\t\t[\/et_pb_wc_tabs][et_pb_wc_upsells columns_number=&#8221;3&#8243; _builder_version=&#8221;4.16&#8243; global_colors_info=&#8221;{}&#8221;][\/et_pb_wc_upsells][et_pb_wc_related_products columns_number=&#8221;3&#8243; _builder_version=&#8221;4.16&#8243; global_colors_info=&#8221;{}&#8221;][\/et_pb_wc_related_products][\/et_pb_column][\/et_pb_row][\/et_pb_section]<\/p>","protected":false},"excerpt":{"rendered":"<p>Aloe Vera juice made from the gel extracted from Aloe Vera leaves and ginger. This juice is characterized by its intense yellow color, spicy and sweet flavor without bitterness, and its hydro-soluble liquid textura.<br \/>\nAloe Vera juice with ginger can be consumed pure or mixed with other ingredients to enhance its flavor and add additional nutrients.<\/p>","protected":false},"featured_media":401,"comment_status":"closed","ping_status":"closed","template":"","meta":{"_et_pb_use_builder":"on","_et_pb_old_content":"\"El jugo de Aloe Vera con jengibre ofrece una combinaci\u00f3n \u00fanica de ingredientes conocidos por sus propiedades beneficiosas para la salud, algunas de las propiedades de este jugo incluyen:\n\nPropiedades antiinflamatorias: Tanto el Aloe Vera como el jengibre son reconocidos por sus efectos antiinflamatorios, lo que puede ayudar a reducir la inflamaci\u00f3n en el cuerpo y aliviar el malestar asociado con condiciones inflamatorias como la artritis.\n\nApoyo digestivo: El jengibre se ha utilizado tradicionalmente para promover la salud digestiva, aliviar el malestar estomacal, reducir la acidez estomacal y favorecer la digesti\u00f3n adecuada. Combinado con el Aloe Vera, esta mezcla puede proporcionar un alivio adicional para el sistema digestivo.\n\nRefuerzo inmunol\u00f3gico: Tanto el Aloe Vera como el jengibre contienen compuestos que pueden fortalecer el sistema inmunol\u00f3gico, ayudando al cuerpo a combatir enfermedades y virus.\n\nPropiedades antioxidantes: Ambos ingredientes son ricos en antioxidantes, que pueden proteger las c\u00e9lulas del da\u00f1o causado por los radicales libres y ayudar a prevenir enfermedades cr\u00f3nicas.\n\nMejora de la circulaci\u00f3n: El jengibre es conocido por sus propiedades que pueden mejorar la circulaci\u00f3n sangu\u00ednea, lo que puede ayudar a reducir el riesgo de enfermedades cardiovasculares y promover la salud del coraz\u00f3n.\n\nAlivio del malestar: El jengibre tiene propiedades analg\u00e9sicas y puede ayudar a aliviar el malestar general, incluidos dolores musculares, dolores de cabeza y n\u00e1useas.\"","_et_gb_content_width":""},"product_brand":[],"product_cat":[29],"product_tag":[31],"class_list":{"0":"post-445","1":"product","2":"type-product","3":"status-publish","4":"has-post-thumbnail","6":"product_cat-producto-terminado","7":"product_tag-suplemento-alimenticio","9":"first","10":"instock","11":"shipping-taxable","12":"purchasable","13":"product-type-variable","14":"has-default-attributes"},"yoast_head":"<!-- This site is optimized with the Yoast SEO plugin v26.2 - https:\/\/yoast.com\/wordpress\/plugins\/seo\/ -->\n<title>GINGER ALOE VERA JUICE - Agrofeliz<\/title>\n<meta name=\"robots\" content=\"index, follow, max-snippet:-1, max-image-preview:large, max-video-preview:-1\" \/>\n<link rel=\"canonical\" href=\"https:\/\/agrofeliz.com.co\/en\/product\/ginger-aloe-vera-juice\" \/>\n<meta property=\"og:locale\" content=\"en_US\" \/>\n<meta property=\"og:type\" content=\"article\" \/>\n<meta property=\"og:title\" content=\"GINGER ALOE VERA JUICE - Agrofeliz\" \/>\n<meta property=\"og:description\" content=\"&quot;Jugo de Aloe Vera elaborado a partir del gel extra\u00eddo de las hojas de la planta de Aloe Vera y jengibre, este jugo se caracteriza por su color amarillo intenso, sabor picante, dulce sin amargo y su textura liquida hidrosolubre. El jugo de Aloe Vera con jengibre puede ser consumido puro o mezclado con otros ingredientes para mejorar su sabor y a\u00f1adir nutrientes adicionales.&quot;\" \/>\n<meta property=\"og:url\" content=\"https:\/\/agrofeliz.com.co\/en\/product\/ginger-aloe-vera-juice\" \/>\n<meta property=\"og:site_name\" content=\"Agrofeliz\" \/>\n<meta property=\"article:publisher\" content=\"https:\/\/www.facebook.com\/Agrofeliz\/\" \/>\n<meta property=\"article:modified_time\" content=\"2024-06-05T00:54:45+00:00\" \/>\n<meta property=\"og:image\" content=\"https:\/\/agrofeliz.com.co\/wp-content\/uploads\/2024\/04\/GINGER-ALOE-VERA-JUICE.webp\" \/>\n\t<meta property=\"og:image:width\" content=\"800\" \/>\n\t<meta property=\"og:image:height\" content=\"800\" \/>\n\t<meta property=\"og:image:type\" content=\"image\/webp\" \/>\n<meta name=\"twitter:card\" content=\"summary_large_image\" \/>\n<meta name=\"twitter:label1\" content=\"Est. reading time\" \/>\n\t<meta name=\"twitter:data1\" content=\"2 minutes\" \/>\n<script type=\"application\/ld+json\" class=\"yoast-schema-graph\">{\"@context\":\"https:\/\/schema.org\",\"@graph\":[{\"@type\":\"WebPage\",\"@id\":\"https:\/\/agrofeliz.com.co\/en\/product\/ginger-aloe-vera-juice\",\"url\":\"https:\/\/agrofeliz.com.co\/en\/product\/ginger-aloe-vera-juice\",\"name\":\"GINGER ALOE VERA JUICE - Agrofeliz\",\"isPartOf\":{\"@id\":\"https:\/\/agrofeliz.com.co\/#website\"},\"primaryImageOfPage\":{\"@id\":\"https:\/\/agrofeliz.com.co\/en\/product\/ginger-aloe-vera-juice#primaryimage\"},\"image\":{\"@id\":\"https:\/\/agrofeliz.com.co\/en\/product\/ginger-aloe-vera-juice#primaryimage\"},\"thumbnailUrl\":\"https:\/\/agrofeliz.com.co\/wp-content\/uploads\/2024\/04\/GINGER-ALOE-VERA-JUICE.webp\",\"datePublished\":\"2024-04-20T03:07:35+00:00\",\"dateModified\":\"2024-06-05T00:54:45+00:00\",\"breadcrumb\":{\"@id\":\"https:\/\/agrofeliz.com.co\/en\/product\/ginger-aloe-vera-juice#breadcrumb\"},\"inLanguage\":\"en-US\",\"potentialAction\":[{\"@type\":\"ReadAction\",\"target\":[\"https:\/\/agrofeliz.com.co\/en\/product\/ginger-aloe-vera-juice\"]}]},{\"@type\":\"ImageObject\",\"inLanguage\":\"en-US\",\"@id\":\"https:\/\/agrofeliz.com.co\/en\/product\/ginger-aloe-vera-juice#primaryimage\",\"url\":\"https:\/\/agrofeliz.com.co\/wp-content\/uploads\/2024\/04\/GINGER-ALOE-VERA-JUICE.webp\",\"contentUrl\":\"https:\/\/agrofeliz.com.co\/wp-content\/uploads\/2024\/04\/GINGER-ALOE-VERA-JUICE.webp\",\"width\":800,\"height\":800},{\"@type\":\"BreadcrumbList\",\"@id\":\"https:\/\/agrofeliz.com.co\/en\/product\/ginger-aloe-vera-juice#breadcrumb\",\"itemListElement\":[{\"@type\":\"ListItem\",\"position\":1,\"name\":\"Agrofeliz\",\"item\":\"https:\/\/agrofeliz.com.co\/\"},{\"@type\":\"ListItem\",\"position\":2,\"name\":\"Tienda\",\"item\":\"https:\/\/agrofeliz.com.co\/tienda\"},{\"@type\":\"ListItem\",\"position\":3,\"name\":\"GINGER ALOE VERA JUICE\"}]},{\"@type\":\"WebSite\",\"@id\":\"https:\/\/agrofeliz.com.co\/#website\",\"url\":\"https:\/\/agrofeliz.com.co\/\",\"name\":\"Agrofeliz\",\"description\":\"Productores de Aloe Vera Org\u00e1nica en Colombia\",\"publisher\":{\"@id\":\"https:\/\/agrofeliz.com.co\/#organization\"},\"potentialAction\":[{\"@type\":\"SearchAction\",\"target\":{\"@type\":\"EntryPoint\",\"urlTemplate\":\"https:\/\/agrofeliz.com.co\/?s={search_term_string}\"},\"query-input\":{\"@type\":\"PropertyValueSpecification\",\"valueRequired\":true,\"valueName\":\"search_term_string\"}}],\"inLanguage\":\"en-US\"},{\"@type\":\"Organization\",\"@id\":\"https:\/\/agrofeliz.com.co\/#organization\",\"name\":\"Agrofeliz Zomac SAS\",\"alternateName\":\"Agrofeliz\",\"url\":\"https:\/\/agrofeliz.com.co\/\",\"logo\":{\"@type\":\"ImageObject\",\"inLanguage\":\"en-US\",\"@id\":\"https:\/\/agrofeliz.com.co\/#\/schema\/logo\/image\/\",\"url\":\"https:\/\/agrofeliz.com.co\/wp-content\/uploads\/2023\/06\/Agrofeliz_r.svg\",\"contentUrl\":\"https:\/\/agrofeliz.com.co\/wp-content\/uploads\/2023\/06\/Agrofeliz_r.svg\",\"width\":870,\"height\":262,\"caption\":\"Agrofeliz Zomac SAS\"},\"image\":{\"@id\":\"https:\/\/agrofeliz.com.co\/#\/schema\/logo\/image\/\"},\"sameAs\":[\"https:\/\/www.facebook.com\/Agrofeliz\/\",\"https:\/\/instagram.com\/agrofeliz_zomac\"]}]}<\/script>\n<!-- \/ Yoast SEO plugin. -->","yoast_head_json":{"title":"GINGER ALOE VERA JUICE - Agrofeliz","robots":{"index":"index","follow":"follow","max-snippet":"max-snippet:-1","max-image-preview":"max-image-preview:large","max-video-preview":"max-video-preview:-1"},"canonical":"https:\/\/agrofeliz.com.co\/en\/product\/ginger-aloe-vera-juice","og_locale":"en_US","og_type":"article","og_title":"GINGER ALOE VERA JUICE - Agrofeliz","og_description":"\"Jugo de Aloe Vera elaborado a partir del gel extra\u00eddo de las hojas de la planta de Aloe Vera y jengibre, este jugo se caracteriza por su color amarillo intenso, sabor picante, dulce sin amargo y su textura liquida hidrosolubre. El jugo de Aloe Vera con jengibre puede ser consumido puro o mezclado con otros ingredientes para mejorar su sabor y a\u00f1adir nutrientes adicionales.\"","og_url":"https:\/\/agrofeliz.com.co\/en\/product\/ginger-aloe-vera-juice","og_site_name":"Agrofeliz","article_publisher":"https:\/\/www.facebook.com\/Agrofeliz\/","article_modified_time":"2024-06-05T00:54:45+00:00","og_image":[{"width":800,"height":800,"url":"https:\/\/agrofeliz.com.co\/wp-content\/uploads\/2024\/04\/GINGER-ALOE-VERA-JUICE.webp","type":"image\/webp"}],"twitter_card":"summary_large_image","twitter_misc":{"Est. reading time":"2 minutes"},"schema":{"@context":"https:\/\/schema.org","@graph":[{"@type":"WebPage","@id":"https:\/\/agrofeliz.com.co\/en\/product\/ginger-aloe-vera-juice","url":"https:\/\/agrofeliz.com.co\/en\/product\/ginger-aloe-vera-juice","name":"GINGER ALOE VERA JUICE - Agrofeliz","isPartOf":{"@id":"https:\/\/agrofeliz.com.co\/#website"},"primaryImageOfPage":{"@id":"https:\/\/agrofeliz.com.co\/en\/product\/ginger-aloe-vera-juice#primaryimage"},"image":{"@id":"https:\/\/agrofeliz.com.co\/en\/product\/ginger-aloe-vera-juice#primaryimage"},"thumbnailUrl":"https:\/\/agrofeliz.com.co\/wp-content\/uploads\/2024\/04\/GINGER-ALOE-VERA-JUICE.webp","datePublished":"2024-04-20T03:07:35+00:00","dateModified":"2024-06-05T00:54:45+00:00","breadcrumb":{"@id":"https:\/\/agrofeliz.com.co\/en\/product\/ginger-aloe-vera-juice#breadcrumb"},"inLanguage":"en-US","potentialAction":[{"@type":"ReadAction","target":["https:\/\/agrofeliz.com.co\/en\/product\/ginger-aloe-vera-juice"]}]},{"@type":"ImageObject","inLanguage":"en-US","@id":"https:\/\/agrofeliz.com.co\/en\/product\/ginger-aloe-vera-juice#primaryimage","url":"https:\/\/agrofeliz.com.co\/wp-content\/uploads\/2024\/04\/GINGER-ALOE-VERA-JUICE.webp","contentUrl":"https:\/\/agrofeliz.com.co\/wp-content\/uploads\/2024\/04\/GINGER-ALOE-VERA-JUICE.webp","width":800,"height":800},{"@type":"BreadcrumbList","@id":"https:\/\/agrofeliz.com.co\/en\/product\/ginger-aloe-vera-juice#breadcrumb","itemListElement":[{"@type":"ListItem","position":1,"name":"Agrofeliz","item":"https:\/\/agrofeliz.com.co\/"},{"@type":"ListItem","position":2,"name":"Tienda","item":"https:\/\/agrofeliz.com.co\/tienda"},{"@type":"ListItem","position":3,"name":"GINGER ALOE VERA JUICE"}]},{"@type":"WebSite","@id":"https:\/\/agrofeliz.com.co\/#website","url":"https:\/\/agrofeliz.com.co\/","name":"Agrofeliz","description":"Productores de Aloe Vera Org\u00e1nica en Colombia","publisher":{"@id":"https:\/\/agrofeliz.com.co\/#organization"},"potentialAction":[{"@type":"SearchAction","target":{"@type":"EntryPoint","urlTemplate":"https:\/\/agrofeliz.com.co\/?s={search_term_string}"},"query-input":{"@type":"PropertyValueSpecification","valueRequired":true,"valueName":"search_term_string"}}],"inLanguage":"en-US"},{"@type":"Organization","@id":"https:\/\/agrofeliz.com.co\/#organization","name":"Agrofeliz Zomac SAS","alternateName":"Agrofeliz","url":"https:\/\/agrofeliz.com.co\/","logo":{"@type":"ImageObject","inLanguage":"en-US","@id":"https:\/\/agrofeliz.com.co\/#\/schema\/logo\/image\/","url":"https:\/\/agrofeliz.com.co\/wp-content\/uploads\/2023\/06\/Agrofeliz_r.svg","contentUrl":"https:\/\/agrofeliz.com.co\/wp-content\/uploads\/2023\/06\/Agrofeliz_r.svg","width":870,"height":262,"caption":"Agrofeliz Zomac SAS"},"image":{"@id":"https:\/\/agrofeliz.com.co\/#\/schema\/logo\/image\/"},"sameAs":["https:\/\/www.facebook.com\/Agrofeliz\/","https:\/\/instagram.com\/agrofeliz_zomac"]}]}},"_links":{"self":[{"href":"https:\/\/agrofeliz.com.co\/en\/wp-json\/wp\/v2\/product\/445","targetHints":{"allow":["GET"]}}],"collection":[{"href":"https:\/\/agrofeliz.com.co\/en\/wp-json\/wp\/v2\/product"}],"about":[{"href":"https:\/\/agrofeliz.com.co\/en\/wp-json\/wp\/v2\/types\/product"}],"replies":[{"embeddable":true,"href":"https:\/\/agrofeliz.com.co\/en\/wp-json\/wp\/v2\/comments?post=445"}],"wp:featuredmedia":[{"embeddable":true,"href":"https:\/\/agrofeliz.com.co\/en\/wp-json\/wp\/v2\/media\/401"}],"wp:attachment":[{"href":"https:\/\/agrofeliz.com.co\/en\/wp-json\/wp\/v2\/media?parent=445"}],"wp:term":[{"taxonomy":"product_brand","embeddable":true,"href":"https:\/\/agrofeliz.com.co\/en\/wp-json\/wp\/v2\/product_brand?post=445"},{"taxonomy":"product_cat","embeddable":true,"href":"https:\/\/agrofeliz.com.co\/en\/wp-json\/wp\/v2\/product_cat?post=445"},{"taxonomy":"product_tag","embeddable":true,"href":"https:\/\/agrofeliz.com.co\/en\/wp-json\/wp\/v2\/product_tag?post=445"}],"curies":[{"name":"wp","href":"https:\/\/api.w.org\/{rel}","templated":true}]}}