{"id":977,"date":"2024-05-14T15:14:30","date_gmt":"2024-05-14T20:14:30","guid":{"rendered":"https:\/\/agrofeliz.com\/?page_id=977"},"modified":"2025-05-26T11:43:02","modified_gmt":"2025-05-26T16:43:02","slug":"materias-primas","status":"publish","type":"page","link":"https:\/\/agrofeliz.com.co\/en\/materias-primas","title":{"rendered":"Raw Materials"},"content":{"rendered":"<p>[et_pb_section fb_built=&#8221;1&#8243; fullwidth=&#8221;on&#8221; _builder_version=&#8221;4.16&#8243; animation_style=&#8221;slide&#8221; animation_direction=&#8221;top&#8221; animation_intensity_slide=&#8221;2%&#8221; animation_starting_opacity=&#8221;100%&#8221; global_colors_info=&#8221;{}&#8221;][et_pb_fullwidth_header title=&#8221;Materias primas&#8221; content_max_width=&#8221;800px&#8221; _builder_version=&#8221;4.25.1&#8243; title_level=&#8221;h2&#8243; title_font=&#8221;Lato||||||||&#8221; title_font_size=&#8221;60px&#8221; title_line_height=&#8221;1.3em&#8221; content_font=&#8221;||||||||&#8221; content_font_size=&#8221;20px&#8221; content_line_height=&#8221;1.8em&#8221; background_color=&#8221;rgba(255, 255, 255, 0)&#8221; use_background_color_gradient=&#8221;on&#8221; background_color_gradient_direction=&#8221;90deg&#8221; background_color_gradient_stops=&#8221;rgba(0,0,0,0.75) 0%|rgba(0,0,0,0) 100%&#8221; background_color_gradient_overlays_image=&#8221;on&#8221; background_color_gradient_start=&#8221;rgba(0,0,0,0.75)&#8221; background_color_gradient_end=&#8221;rgba(0,0,0,0)&#8221; background_image=&#8221;https:\/\/agrofeliz.com.co\/wp-content\/uploads\/2024\/05\/Materias-primas-Agrofeliz-10.png&#8221; parallax=&#8221;on&#8221; custom_button_one=&#8221;on&#8221; button_one_text_size=&#8221;18px&#8221; button_one_bg_color=&#8221;#02d002&#8243; button_one_border_width=&#8221;8px&#8221; button_one_border_color=&#8221;#02d002&#8243; button_one_border_radius=&#8221;0px&#8221; button_one_letter_spacing=&#8221;1px&#8221; button_one_font=&#8221;Lato|700|||||||&#8221; button_one_use_icon=&#8221;off&#8221; custom_button_two=&#8221;on&#8221; button_two_text_size=&#8221;18px&#8221; button_two_text_color=&#8221;#353740&#8243; button_two_bg_color=&#8221;#ffffff&#8221; button_two_border_width=&#8221;8px&#8221; button_two_border_color=&#8221;#ffffff&#8221; button_two_border_radius=&#8221;0px&#8221; button_two_letter_spacing=&#8221;1px&#8221; button_two_font=&#8221;Lato|700|||||||&#8221; button_two_use_icon=&#8221;off&#8221; custom_margin=&#8221;|||&#8221; custom_padding=&#8221;8%||8%|&#8221; hover_enabled=&#8221;0&#8243; button_one_letter_spacing_hover=&#8221;1px&#8221; button_two_letter_spacing_hover=&#8221;1px&#8221; locked=&#8221;off&#8221; global_colors_info=&#8221;{}&#8221; button_one_text_size__hover_enabled=&#8221;off&#8221; button_two_text_size__hover_enabled=&#8221;off&#8221; button_one_text_color__hover_enabled=&#8221;off&#8221; button_two_text_color__hover_enabled=&#8221;off&#8221; button_one_border_width__hover_enabled=&#8221;off&#8221; button_two_border_width__hover_enabled=&#8221;off&#8221; button_one_border_color__hover_enabled=&#8221;off&#8221; button_two_border_color__hover_enabled=&#8221;off&#8221; button_one_border_radius__hover_enabled=&#8221;off&#8221; button_two_border_radius__hover_enabled=&#8221;off&#8221; button_one_letter_spacing__hover_enabled=&#8221;on&#8221; button_one_letter_spacing__hover=&#8221;1px&#8221; button_two_letter_spacing__hover_enabled=&#8221;on&#8221; button_two_letter_spacing__hover=&#8221;1px&#8221; button_one_bg_color__hover_enabled=&#8221;off&#8221; button_two_bg_color__hover_enabled=&#8221;off&#8221; title_text=&#8221;Agrofeliz &#8211; banner materia prima &#8211; Aloe Vera (1500 x 500 px) (3)&#8221; background_video_mp4=&#8221;https:\/\/agrofeliz.com.co\/wp-content\/uploads\/2024\/06\/Agrofeliz-banner-materia-prima-Aloe-Vera-1500-x-500-px-3.mp4&#8243; title_text_shadow_style=&#8221;preset1&#8243; title_text_shadow_color=&#8221;rgba(0,0,0,0.86)&#8221; sticky_enabled=&#8221;0&#8243;][\/et_pb_fullwidth_header][\/et_pb_section][et_pb_section fb_built=&#8221;1&#8243; fullwidth=&#8221;on&#8221; _builder_version=&#8221;4.16&#8243; animation_style=&#8221;slide&#8221; animation_direction=&#8221;top&#8221; animation_intensity_slide=&#8221;2%&#8221; animation_starting_opacity=&#8221;100%&#8221; global_colors_info=&#8221;{}&#8221;][et_pb_fullwidth_header title=&#8221;Materias primas&#8221; subhead=&#8221;\u00a1En Colombia si hay Aloe Vera!&#8221; content_max_width=&#8221;800px&#8221; _builder_version=&#8221;4.25.1&#8243; title_level=&#8221;h2&#8243; title_font=&#8221;Lato|||on|||||&#8221; title_font_size=&#8221;60px&#8221; title_line_height=&#8221;1.2em&#8221; content_font=&#8221;||||||||&#8221; content_font_size=&#8221;18px&#8221; content_line_height=&#8221;1.5em&#8221; subhead_font=&#8221;Lato|700|||||||&#8221; subhead_text_color=&#8221;#ffc600&#8243; subhead_font_size=&#8221;25px&#8221; background_color=&#8221;rgba(255, 255, 255, 0)&#8221; use_background_color_gradient=&#8221;on&#8221; background_color_gradient_direction=&#8221;90deg&#8221; background_color_gradient_stops=&#8221;rgba(0,0,0,0.75) 26%|rgba(0,0,0,0) 77%&#8221; background_color_gradient_overlays_image=&#8221;on&#8221; background_color_gradient_start=&#8221;rgba(0,0,0,0.75)&#8221; background_color_gradient_end=&#8221;rgba(0,0,0,0)&#8221; background_image=&#8221;https:\/\/agrofeliz.com.co\/wp-content\/uploads\/2024\/04\/Materias-primas-Agrofeliz.png&#8221; custom_button_one=&#8221;on&#8221; button_one_text_size=&#8221;18px&#8221; button_one_bg_color=&#8221;#02d002&#8243; button_one_border_width=&#8221;8px&#8221; button_one_border_color=&#8221;#02d002&#8243; button_one_border_radius=&#8221;0px&#8221; button_one_letter_spacing=&#8221;1px&#8221; button_one_font=&#8221;Lato|700|||||||&#8221; button_one_use_icon=&#8221;off&#8221; custom_button_two=&#8221;on&#8221; button_two_text_size=&#8221;18px&#8221; button_two_text_color=&#8221;#353740&#8243; button_two_bg_color=&#8221;#ffffff&#8221; button_two_border_width=&#8221;8px&#8221; button_two_border_color=&#8221;#ffffff&#8221; button_two_border_radius=&#8221;0px&#8221; button_two_letter_spacing=&#8221;1px&#8221; button_two_font=&#8221;Lato|700|||||||&#8221; button_two_use_icon=&#8221;off&#8221; custom_margin=&#8221;|||&#8221; custom_padding=&#8221;8%|45%|8%|2%|false|false&#8221; custom_padding_tablet=&#8221;8%|45%|8%|2%|false|false&#8221; custom_padding_phone=&#8221;|2%|||false|false&#8221; custom_padding_last_edited=&#8221;on|phone&#8221; hover_enabled=&#8221;0&#8243; title_font_size_tablet=&#8221;60px&#8221; title_font_size_phone=&#8221;35px&#8221; title_font_size_last_edited=&#8221;on|phone&#8221; content_font_size_tablet=&#8221;18px&#8221; content_font_size_phone=&#8221;16px&#8221; content_font_size_last_edited=&#8221;on|phone&#8221; content_line_height_tablet=&#8221;1.5em&#8221; content_line_height_phone=&#8221;1.1em&#8221; content_line_height_last_edited=&#8221;on|phone&#8221; subhead_font_size_tablet=&#8221;25px&#8221; subhead_font_size_phone=&#8221;19px&#8221; subhead_font_size_last_edited=&#8221;on|phone&#8221; subhead_line_height_tablet=&#8221;&#8221; subhead_line_height_phone=&#8221;1.4em&#8221; subhead_line_height_last_edited=&#8221;on|phone&#8221; background_last_edited=&#8221;on|phone&#8221; use_background_color_gradient_phone=&#8221;on&#8221; background_color_gradient_stops_phone=&#8221;rgba(0,0,0,0.75) 47%|rgba(0,0,0,0) 100%&#8221; button_one_letter_spacing_hover=&#8221;1px&#8221; button_two_letter_spacing_hover=&#8221;1px&#8221; locked=&#8221;off&#8221; global_colors_info=&#8221;{}&#8221; button_one_text_size__hover_enabled=&#8221;off&#8221; button_two_text_size__hover_enabled=&#8221;off&#8221; button_one_text_color__hover_enabled=&#8221;off&#8221; button_two_text_color__hover_enabled=&#8221;off&#8221; button_one_border_width__hover_enabled=&#8221;off&#8221; button_two_border_width__hover_enabled=&#8221;off&#8221; button_one_border_color__hover_enabled=&#8221;off&#8221; button_two_border_color__hover_enabled=&#8221;off&#8221; button_one_border_radius__hover_enabled=&#8221;off&#8221; button_two_border_radius__hover_enabled=&#8221;off&#8221; button_one_letter_spacing__hover_enabled=&#8221;on&#8221; button_one_letter_spacing__hover=&#8221;1px&#8221; button_two_letter_spacing__hover_enabled=&#8221;on&#8221; button_two_letter_spacing__hover=&#8221;1px&#8221; button_one_bg_color__hover_enabled=&#8221;off&#8221; button_two_bg_color__hover_enabled=&#8221;off&#8221; sticky_enabled=&#8221;0&#8243;]<\/p>\n<p>We are the #1 supplier of organic and conventional Aloe Vera raw materials in Colombia. Leaders in the Aloe Vera raw materials market, we offer powders, gels, juices, and crystals\/cubes with applications in the pharmaceutical, food, cosmetic, nutraceutical, and beverage industries. We provide high purity, quality, and permanence products, developing special formulas tailored to our clients' application needs.<br \/>We distribute our raw materials in the USA, Canada, Europe, and Colombia.<\/p>\n<p>[\/et_pb_fullwidth_header][\/et_pb_section][et_pb_section fb_built=&#8221;1&#8243; _builder_version=&#8221;4.25.0&#8243; _module_preset=&#8221;default&#8221; custom_padding=&#8221;24px||20px|||&#8221; global_colors_info=&#8221;{}&#8221;][et_pb_row _builder_version=&#8221;4.25.0&#8243; _module_preset=&#8221;default&#8221; width=&#8221;90%&#8221; max_width=&#8221;100%&#8221; global_colors_info=&#8221;{}&#8221;][et_pb_column type=&#8221;4_4&#8243; _builder_version=&#8221;4.25.0&#8243; _module_preset=&#8221;default&#8221; global_colors_info=&#8221;{}&#8221;][dipl_woo_products_carousel products_number=&#8221;50&#8243; include_categories=&#8221;23&#8243; show_price=&#8221;off&#8221; show_add_to_cart=&#8221;off&#8221; products_per_slide=&#8221;5&#8243; equalize_slides_height=&#8221;on&#8221; show_arrow=&#8221;on&#8221; previous_slide_arrow=&#8221;&#x38;||divi||400&#8243; next_slide_arrow=&#8221;&#x39;||divi||400&#8243; arrows_position=&#8221;outside&#8221; arrow_font_size=&#8221;28px&#8221; arrow_color=&#8221;RGBA(49,127,124,0.98)&#8221; products_per_slide_tablet=&#8221;2&#8243; products_per_slide_phone=&#8221;2&#8243; products_per_slide_last_edited=&#8221;on|phone&#8221; arrows_position_tablet=&#8221;outside&#8221; arrows_position_phone=&#8221;bottom_center&#8221; arrows_position_last_edited=&#8221;on|desktop&#8221; _builder_version=&#8221;4.25.0&#8243; _module_preset=&#8221;default&#8221; title_font=&#8221;Lato||||||||&#8221; title_font_size=&#8221;20px&#8221; title_line_height=&#8221;1.2em&#8221; global_colors_info=&#8221;{}&#8221;][\/dipl_woo_products_carousel][\/et_pb_column][\/et_pb_row][\/et_pb_section]<\/p>","protected":false},"excerpt":{"rendered":"<p>Somos el proveedor #1 de materias primas de Aloe Vera org\u00e1nico y convencional en Colombia. l\u00edderes en el mercado de materias primas de Aloe Vera, polvos, geles, jugos y cristales\/celdas, con aplicaci\u00f3n en las industrias farmac\u00e9utica, alimenticia, cosm\u00e9tica, nutrace\u00fatica y de bebidas, ofrecemos productos de alta pureza, calidad y permanec\u00eda, desarrollamos formulas especiales ajustadas a [&hellip;]<\/p>","protected":false},"author":1,"featured_media":0,"parent":0,"menu_order":0,"comment_status":"closed","ping_status":"closed","template":"","meta":{"_et_pb_use_builder":"on","_et_pb_old_content":"","_et_gb_content_width":"","footnotes":""},"class_list":["post-977","page","type-page","status-publish","hentry"],"yoast_head":"<!-- This site is optimized with the Yoast SEO plugin v26.2 - https:\/\/yoast.com\/wordpress\/plugins\/seo\/ -->\n<title>Materias primas - Agrofeliz<\/title>\n<meta name=\"robots\" content=\"index, follow, max-snippet:-1, max-image-preview:large, max-video-preview:-1\" \/>\n<link rel=\"canonical\" href=\"https:\/\/agrofeliz.com.co\/en\/materias-primas\/\" \/>\n<meta property=\"og:locale\" content=\"en_US\" \/>\n<meta property=\"og:type\" content=\"article\" \/>\n<meta property=\"og:title\" content=\"Materias primas - Agrofeliz\" \/>\n<meta property=\"og:description\" content=\"Responsabilidad Social La base con la cual naci\u00f3 Agrofeliz fue la siembra cultivos alternativos como el Aloe Vera para la diversificaci\u00f3n econ\u00f3mica de la regi\u00f3n del Norte de Antioquia, idea que creci\u00f3 de la mano de la formulaci\u00f3n de nuestros proyectos con la cual beneficiamos familias campesinas, madres cabeza de familia y j\u00f3venes victimas de [&hellip;]\" \/>\n<meta property=\"og:url\" content=\"https:\/\/agrofeliz.com.co\/en\/materias-primas\/\" \/>\n<meta property=\"og:site_name\" content=\"Agrofeliz\" \/>\n<meta property=\"article:publisher\" content=\"https:\/\/www.facebook.com\/Agrofeliz\/\" \/>\n<meta property=\"article:modified_time\" content=\"2025-05-26T16:43:02+00:00\" \/>\n<meta property=\"og:image\" content=\"https:\/\/agrofeliz.com.co\/wp-content\/uploads\/2023\/06\/Agrofeliz-Aloe-Vera.webp\" \/>\n\t<meta property=\"og:image:width\" content=\"1200\" \/>\n\t<meta property=\"og:image:height\" content=\"759\" \/>\n\t<meta property=\"og:image:type\" content=\"image\/webp\" \/>\n<meta name=\"twitter:card\" content=\"summary_large_image\" \/>\n<script type=\"application\/ld+json\" class=\"yoast-schema-graph\">{\"@context\":\"https:\/\/schema.org\",\"@graph\":[{\"@type\":\"WebPage\",\"@id\":\"https:\/\/agrofeliz.com.co\/materias-primas\",\"url\":\"https:\/\/agrofeliz.com.co\/materias-primas\",\"name\":\"Materias primas - Agrofeliz\",\"isPartOf\":{\"@id\":\"https:\/\/agrofeliz.com.co\/#website\"},\"datePublished\":\"2024-05-14T20:14:30+00:00\",\"dateModified\":\"2025-05-26T16:43:02+00:00\",\"breadcrumb\":{\"@id\":\"https:\/\/agrofeliz.com.co\/materias-primas#breadcrumb\"},\"inLanguage\":\"en-US\",\"potentialAction\":[{\"@type\":\"ReadAction\",\"target\":[\"https:\/\/agrofeliz.com.co\/materias-primas\"]}]},{\"@type\":\"BreadcrumbList\",\"@id\":\"https:\/\/agrofeliz.com.co\/materias-primas#breadcrumb\",\"itemListElement\":[{\"@type\":\"ListItem\",\"position\":1,\"name\":\"Agrofeliz\",\"item\":\"https:\/\/agrofeliz.com.co\/\"},{\"@type\":\"ListItem\",\"position\":2,\"name\":\"Materias primas\"}]},{\"@type\":\"WebSite\",\"@id\":\"https:\/\/agrofeliz.com.co\/#website\",\"url\":\"https:\/\/agrofeliz.com.co\/\",\"name\":\"Agrofeliz\",\"description\":\"Productores de Aloe Vera Org\u00e1nica en Colombia\",\"publisher\":{\"@id\":\"https:\/\/agrofeliz.com.co\/#organization\"},\"potentialAction\":[{\"@type\":\"SearchAction\",\"target\":{\"@type\":\"EntryPoint\",\"urlTemplate\":\"https:\/\/agrofeliz.com.co\/?s={search_term_string}\"},\"query-input\":{\"@type\":\"PropertyValueSpecification\",\"valueRequired\":true,\"valueName\":\"search_term_string\"}}],\"inLanguage\":\"en-US\"},{\"@type\":\"Organization\",\"@id\":\"https:\/\/agrofeliz.com.co\/#organization\",\"name\":\"Agrofeliz Zomac SAS\",\"alternateName\":\"Agrofeliz\",\"url\":\"https:\/\/agrofeliz.com.co\/\",\"logo\":{\"@type\":\"ImageObject\",\"inLanguage\":\"en-US\",\"@id\":\"https:\/\/agrofeliz.com.co\/#\/schema\/logo\/image\/\",\"url\":\"https:\/\/agrofeliz.com.co\/wp-content\/uploads\/2023\/06\/Agrofeliz_r.svg\",\"contentUrl\":\"https:\/\/agrofeliz.com.co\/wp-content\/uploads\/2023\/06\/Agrofeliz_r.svg\",\"width\":870,\"height\":262,\"caption\":\"Agrofeliz Zomac SAS\"},\"image\":{\"@id\":\"https:\/\/agrofeliz.com.co\/#\/schema\/logo\/image\/\"},\"sameAs\":[\"https:\/\/www.facebook.com\/Agrofeliz\/\",\"https:\/\/instagram.com\/agrofeliz_zomac\"]}]}<\/script>\n<!-- \/ Yoast SEO plugin. -->","yoast_head_json":{"title":"Materias primas - Agrofeliz","robots":{"index":"index","follow":"follow","max-snippet":"max-snippet:-1","max-image-preview":"max-image-preview:large","max-video-preview":"max-video-preview:-1"},"canonical":"https:\/\/agrofeliz.com.co\/en\/materias-primas\/","og_locale":"en_US","og_type":"article","og_title":"Materias primas - Agrofeliz","og_description":"Responsabilidad Social La base con la cual naci\u00f3 Agrofeliz fue la siembra cultivos alternativos como el Aloe Vera para la diversificaci\u00f3n econ\u00f3mica de la regi\u00f3n del Norte de Antioquia, idea que creci\u00f3 de la mano de la formulaci\u00f3n de nuestros proyectos con la cual beneficiamos familias campesinas, madres cabeza de familia y j\u00f3venes victimas de [&hellip;]","og_url":"https:\/\/agrofeliz.com.co\/en\/materias-primas\/","og_site_name":"Agrofeliz","article_publisher":"https:\/\/www.facebook.com\/Agrofeliz\/","article_modified_time":"2025-05-26T16:43:02+00:00","og_image":[{"width":1200,"height":759,"url":"https:\/\/agrofeliz.com.co\/wp-content\/uploads\/2023\/06\/Agrofeliz-Aloe-Vera.webp","type":"image\/webp"}],"twitter_card":"summary_large_image","schema":{"@context":"https:\/\/schema.org","@graph":[{"@type":"WebPage","@id":"https:\/\/agrofeliz.com.co\/materias-primas","url":"https:\/\/agrofeliz.com.co\/materias-primas","name":"Materias primas - Agrofeliz","isPartOf":{"@id":"https:\/\/agrofeliz.com.co\/#website"},"datePublished":"2024-05-14T20:14:30+00:00","dateModified":"2025-05-26T16:43:02+00:00","breadcrumb":{"@id":"https:\/\/agrofeliz.com.co\/materias-primas#breadcrumb"},"inLanguage":"en-US","potentialAction":[{"@type":"ReadAction","target":["https:\/\/agrofeliz.com.co\/materias-primas"]}]},{"@type":"BreadcrumbList","@id":"https:\/\/agrofeliz.com.co\/materias-primas#breadcrumb","itemListElement":[{"@type":"ListItem","position":1,"name":"Agrofeliz","item":"https:\/\/agrofeliz.com.co\/"},{"@type":"ListItem","position":2,"name":"Materias primas"}]},{"@type":"WebSite","@id":"https:\/\/agrofeliz.com.co\/#website","url":"https:\/\/agrofeliz.com.co\/","name":"Agrofeliz","description":"Productores de Aloe Vera Org\u00e1nica en Colombia","publisher":{"@id":"https:\/\/agrofeliz.com.co\/#organization"},"potentialAction":[{"@type":"SearchAction","target":{"@type":"EntryPoint","urlTemplate":"https:\/\/agrofeliz.com.co\/?s={search_term_string}"},"query-input":{"@type":"PropertyValueSpecification","valueRequired":true,"valueName":"search_term_string"}}],"inLanguage":"en-US"},{"@type":"Organization","@id":"https:\/\/agrofeliz.com.co\/#organization","name":"Agrofeliz Zomac SAS","alternateName":"Agrofeliz","url":"https:\/\/agrofeliz.com.co\/","logo":{"@type":"ImageObject","inLanguage":"en-US","@id":"https:\/\/agrofeliz.com.co\/#\/schema\/logo\/image\/","url":"https:\/\/agrofeliz.com.co\/wp-content\/uploads\/2023\/06\/Agrofeliz_r.svg","contentUrl":"https:\/\/agrofeliz.com.co\/wp-content\/uploads\/2023\/06\/Agrofeliz_r.svg","width":870,"height":262,"caption":"Agrofeliz Zomac SAS"},"image":{"@id":"https:\/\/agrofeliz.com.co\/#\/schema\/logo\/image\/"},"sameAs":["https:\/\/www.facebook.com\/Agrofeliz\/","https:\/\/instagram.com\/agrofeliz_zomac"]}]}},"_links":{"self":[{"href":"https:\/\/agrofeliz.com.co\/en\/wp-json\/wp\/v2\/pages\/977","targetHints":{"allow":["GET"]}}],"collection":[{"href":"https:\/\/agrofeliz.com.co\/en\/wp-json\/wp\/v2\/pages"}],"about":[{"href":"https:\/\/agrofeliz.com.co\/en\/wp-json\/wp\/v2\/types\/page"}],"author":[{"embeddable":true,"href":"https:\/\/agrofeliz.com.co\/en\/wp-json\/wp\/v2\/users\/1"}],"replies":[{"embeddable":true,"href":"https:\/\/agrofeliz.com.co\/en\/wp-json\/wp\/v2\/comments?post=977"}],"version-history":[{"count":5,"href":"https:\/\/agrofeliz.com.co\/en\/wp-json\/wp\/v2\/pages\/977\/revisions"}],"predecessor-version":[{"id":1032,"href":"https:\/\/agrofeliz.com.co\/en\/wp-json\/wp\/v2\/pages\/977\/revisions\/1032"}],"wp:attachment":[{"href":"https:\/\/agrofeliz.com.co\/en\/wp-json\/wp\/v2\/media?parent=977"}],"curies":[{"name":"wp","href":"https:\/\/api.w.org\/{rel}","templated":true}]}}