{"id":297,"date":"2024-04-18T12:08:48","date_gmt":"2024-04-18T17:08:48","guid":{"rendered":"https:\/\/agrofeliz.com\/carrito"},"modified":"2025-05-26T11:53:58","modified_gmt":"2025-05-26T16:53:58","slug":"carrito","status":"publish","type":"page","link":"https:\/\/agrofeliz.com.co\/en\/carrito","title":{"rendered":"Carrito"},"content":{"rendered":"[et_pb_section admin_label=&#8221;section&#8221;]\n\t\t\t[et_pb_row admin_label=&#8221;row&#8221;]\n\t\t\t\t[et_pb_column type=&#8221;4_4&#8243;][et_pb_text admin_label=&#8221;Text&#8221;]\n[\/et_pb_text][\/et_pb_column]\n\t\t\t[\/et_pb_row]\n\t\t[\/et_pb_section]","protected":false},"excerpt":{"rendered":"","protected":false},"author":1,"featured_media":0,"parent":0,"menu_order":0,"comment_status":"closed","ping_status":"closed","template":"","meta":{"_et_pb_use_builder":"on","_et_pb_old_content":"<!-- wp:shortcode -->[woocommerce_cart]<!-- \/wp:shortcode -->","_et_gb_content_width":"","footnotes":""},"class_list":["post-297","page","type-page","status-publish","hentry"],"yoast_head":"<!-- This site is optimized with the Yoast SEO plugin v26.2 - https:\/\/yoast.com\/wordpress\/plugins\/seo\/ -->\n<title>Carrito - Agrofeliz<\/title>\n<meta name=\"robots\" content=\"index, follow, max-snippet:-1, max-image-preview:large, max-video-preview:-1\" \/>\n<link rel=\"canonical\" href=\"https:\/\/agrofeliz.com.co\/en\/carrito\/\" \/>\n<meta property=\"og:locale\" content=\"en_US\" \/>\n<meta property=\"og:type\" content=\"article\" \/>\n<meta property=\"og:title\" content=\"Carrito - Agrofeliz\" \/>\n<meta property=\"og:description\" content=\"Responsabilidad Social La base con la cual naci\u00f3 Agrofeliz fue la siembra cultivos alternativos como el Aloe Vera para la diversificaci\u00f3n econ\u00f3mica de la regi\u00f3n del Norte de Antioquia, idea que creci\u00f3 de la mano de la formulaci\u00f3n de nuestros proyectos con la cual beneficiamos familias campesinas, madres cabeza de familia y j\u00f3venes victimas de [&hellip;]\" \/>\n<meta property=\"og:url\" content=\"https:\/\/agrofeliz.com.co\/en\/carrito\/\" \/>\n<meta property=\"og:site_name\" content=\"Agrofeliz\" \/>\n<meta property=\"article:publisher\" content=\"https:\/\/www.facebook.com\/Agrofeliz\/\" \/>\n<meta property=\"article:modified_time\" content=\"2025-05-26T16:53:58+00:00\" \/>\n<meta property=\"og:image\" content=\"https:\/\/agrofeliz.com.co\/wp-content\/uploads\/2023\/06\/Agrofeliz-Aloe-Vera.webp\" \/>\n\t<meta property=\"og:image:width\" content=\"1200\" \/>\n\t<meta property=\"og:image:height\" content=\"759\" \/>\n\t<meta property=\"og:image:type\" content=\"image\/webp\" \/>\n<meta name=\"twitter:card\" content=\"summary_large_image\" \/>\n<script type=\"application\/ld+json\" class=\"yoast-schema-graph\">{\"@context\":\"https:\/\/schema.org\",\"@graph\":[{\"@type\":\"WebPage\",\"@id\":\"https:\/\/agrofeliz.com.co\/carrito\",\"url\":\"https:\/\/agrofeliz.com.co\/carrito\",\"name\":\"Carrito - Agrofeliz\",\"isPartOf\":{\"@id\":\"https:\/\/agrofeliz.com.co\/#website\"},\"datePublished\":\"2024-04-18T17:08:48+00:00\",\"dateModified\":\"2025-05-26T16:53:58+00:00\",\"breadcrumb\":{\"@id\":\"https:\/\/agrofeliz.com.co\/carrito#breadcrumb\"},\"inLanguage\":\"en-US\",\"potentialAction\":[{\"@type\":\"ReadAction\",\"target\":[\"https:\/\/agrofeliz.com.co\/carrito\"]}]},{\"@type\":\"BreadcrumbList\",\"@id\":\"https:\/\/agrofeliz.com.co\/carrito#breadcrumb\",\"itemListElement\":[{\"@type\":\"ListItem\",\"position\":1,\"name\":\"Agrofeliz\",\"item\":\"https:\/\/agrofeliz.com.co\/\"},{\"@type\":\"ListItem\",\"position\":2,\"name\":\"Carrito\"}]},{\"@type\":\"WebSite\",\"@id\":\"https:\/\/agrofeliz.com.co\/#website\",\"url\":\"https:\/\/agrofeliz.com.co\/\",\"name\":\"Agrofeliz\",\"description\":\"Productores de Aloe Vera Org\u00e1nica en Colombia\",\"publisher\":{\"@id\":\"https:\/\/agrofeliz.com.co\/#organization\"},\"potentialAction\":[{\"@type\":\"SearchAction\",\"target\":{\"@type\":\"EntryPoint\",\"urlTemplate\":\"https:\/\/agrofeliz.com.co\/?s={search_term_string}\"},\"query-input\":{\"@type\":\"PropertyValueSpecification\",\"valueRequired\":true,\"valueName\":\"search_term_string\"}}],\"inLanguage\":\"en-US\"},{\"@type\":\"Organization\",\"@id\":\"https:\/\/agrofeliz.com.co\/#organization\",\"name\":\"Agrofeliz Zomac SAS\",\"alternateName\":\"Agrofeliz\",\"url\":\"https:\/\/agrofeliz.com.co\/\",\"logo\":{\"@type\":\"ImageObject\",\"inLanguage\":\"en-US\",\"@id\":\"https:\/\/agrofeliz.com.co\/#\/schema\/logo\/image\/\",\"url\":\"https:\/\/agrofeliz.com.co\/wp-content\/uploads\/2023\/06\/Agrofeliz_r.svg\",\"contentUrl\":\"https:\/\/agrofeliz.com.co\/wp-content\/uploads\/2023\/06\/Agrofeliz_r.svg\",\"width\":870,\"height\":262,\"caption\":\"Agrofeliz Zomac SAS\"},\"image\":{\"@id\":\"https:\/\/agrofeliz.com.co\/#\/schema\/logo\/image\/\"},\"sameAs\":[\"https:\/\/www.facebook.com\/Agrofeliz\/\",\"https:\/\/instagram.com\/agrofeliz_zomac\"]}]}<\/script>\n<!-- \/ Yoast SEO plugin. -->","yoast_head_json":{"title":"Carrito - Agrofeliz","robots":{"index":"index","follow":"follow","max-snippet":"max-snippet:-1","max-image-preview":"max-image-preview:large","max-video-preview":"max-video-preview:-1"},"canonical":"https:\/\/agrofeliz.com.co\/en\/carrito\/","og_locale":"en_US","og_type":"article","og_title":"Carrito - Agrofeliz","og_description":"Responsabilidad Social La base con la cual naci\u00f3 Agrofeliz fue la siembra cultivos alternativos como el Aloe Vera para la diversificaci\u00f3n econ\u00f3mica de la regi\u00f3n del Norte de Antioquia, idea que creci\u00f3 de la mano de la formulaci\u00f3n de nuestros proyectos con la cual beneficiamos familias campesinas, madres cabeza de familia y j\u00f3venes victimas de [&hellip;]","og_url":"https:\/\/agrofeliz.com.co\/en\/carrito\/","og_site_name":"Agrofeliz","article_publisher":"https:\/\/www.facebook.com\/Agrofeliz\/","article_modified_time":"2025-05-26T16:53:58+00:00","og_image":[{"width":1200,"height":759,"url":"https:\/\/agrofeliz.com.co\/wp-content\/uploads\/2023\/06\/Agrofeliz-Aloe-Vera.webp","type":"image\/webp"}],"twitter_card":"summary_large_image","schema":{"@context":"https:\/\/schema.org","@graph":[{"@type":"WebPage","@id":"https:\/\/agrofeliz.com.co\/carrito","url":"https:\/\/agrofeliz.com.co\/carrito","name":"Carrito - Agrofeliz","isPartOf":{"@id":"https:\/\/agrofeliz.com.co\/#website"},"datePublished":"2024-04-18T17:08:48+00:00","dateModified":"2025-05-26T16:53:58+00:00","breadcrumb":{"@id":"https:\/\/agrofeliz.com.co\/carrito#breadcrumb"},"inLanguage":"en-US","potentialAction":[{"@type":"ReadAction","target":["https:\/\/agrofeliz.com.co\/carrito"]}]},{"@type":"BreadcrumbList","@id":"https:\/\/agrofeliz.com.co\/carrito#breadcrumb","itemListElement":[{"@type":"ListItem","position":1,"name":"Agrofeliz","item":"https:\/\/agrofeliz.com.co\/"},{"@type":"ListItem","position":2,"name":"Carrito"}]},{"@type":"WebSite","@id":"https:\/\/agrofeliz.com.co\/#website","url":"https:\/\/agrofeliz.com.co\/","name":"Agrofeliz","description":"Productores de Aloe Vera Org\u00e1nica en Colombia","publisher":{"@id":"https:\/\/agrofeliz.com.co\/#organization"},"potentialAction":[{"@type":"SearchAction","target":{"@type":"EntryPoint","urlTemplate":"https:\/\/agrofeliz.com.co\/?s={search_term_string}"},"query-input":{"@type":"PropertyValueSpecification","valueRequired":true,"valueName":"search_term_string"}}],"inLanguage":"en-US"},{"@type":"Organization","@id":"https:\/\/agrofeliz.com.co\/#organization","name":"Agrofeliz Zomac SAS","alternateName":"Agrofeliz","url":"https:\/\/agrofeliz.com.co\/","logo":{"@type":"ImageObject","inLanguage":"en-US","@id":"https:\/\/agrofeliz.com.co\/#\/schema\/logo\/image\/","url":"https:\/\/agrofeliz.com.co\/wp-content\/uploads\/2023\/06\/Agrofeliz_r.svg","contentUrl":"https:\/\/agrofeliz.com.co\/wp-content\/uploads\/2023\/06\/Agrofeliz_r.svg","width":870,"height":262,"caption":"Agrofeliz Zomac SAS"},"image":{"@id":"https:\/\/agrofeliz.com.co\/#\/schema\/logo\/image\/"},"sameAs":["https:\/\/www.facebook.com\/Agrofeliz\/","https:\/\/instagram.com\/agrofeliz_zomac"]}]}},"_links":{"self":[{"href":"https:\/\/agrofeliz.com.co\/en\/wp-json\/wp\/v2\/pages\/297","targetHints":{"allow":["GET"]}}],"collection":[{"href":"https:\/\/agrofeliz.com.co\/en\/wp-json\/wp\/v2\/pages"}],"about":[{"href":"https:\/\/agrofeliz.com.co\/en\/wp-json\/wp\/v2\/types\/page"}],"author":[{"embeddable":true,"href":"https:\/\/agrofeliz.com.co\/en\/wp-json\/wp\/v2\/users\/1"}],"replies":[{"embeddable":true,"href":"https:\/\/agrofeliz.com.co\/en\/wp-json\/wp\/v2\/comments?post=297"}],"version-history":[{"count":1,"href":"https:\/\/agrofeliz.com.co\/en\/wp-json\/wp\/v2\/pages\/297\/revisions"}],"predecessor-version":[{"id":1158,"href":"https:\/\/agrofeliz.com.co\/en\/wp-json\/wp\/v2\/pages\/297\/revisions\/1158"}],"wp:attachment":[{"href":"https:\/\/agrofeliz.com.co\/en\/wp-json\/wp\/v2\/media?parent=297"}],"curies":[{"name":"wp","href":"https:\/\/api.w.org\/{rel}","templated":true}]}}