{"id":20,"date":"2023-06-13T19:26:59","date_gmt":"2023-06-14T00:26:59","guid":{"rendered":"https:\/\/agrofeliz.com\/?page_id=20"},"modified":"2024-07-17T19:36:19","modified_gmt":"2024-07-18T00:36:19","slug":"contacto","status":"publish","type":"page","link":"https:\/\/agrofeliz.com.co\/en\/contacto","title":{"rendered":"Contact Us"},"content":{"rendered":"<p>[et_pb_section fb_built=&#8221;1&#8243; fullwidth=&#8221;on&#8221; _builder_version=&#8221;4.16&#8243; animation_style=&#8221;slide&#8221; animation_direction=&#8221;top&#8221; animation_intensity_slide=&#8221;2%&#8221; animation_starting_opacity=&#8221;100%&#8221; global_colors_info=&#8221;{}&#8221;][et_pb_fullwidth_header title=&#8221;Cont\u00e1ctanos&#8221; content_max_width=&#8221;800px&#8221; _builder_version=&#8221;4.25.1&#8243; title_level=&#8221;h2&#8243; title_font=&#8221;Lato||||||||&#8221; title_text_color=&#8221;#f7f7f7&#8243; title_font_size=&#8221;60px&#8221; title_line_height=&#8221;1.2em&#8221; content_font=&#8221;||||||||&#8221; content_font_size=&#8221;20px&#8221; content_line_height=&#8221;1.8em&#8221; background_color=&#8221;rgba(255, 255, 255, 0)&#8221; use_background_color_gradient=&#8221;on&#8221; background_color_gradient_direction=&#8221;90deg&#8221; background_color_gradient_stops=&#8221;rgba(0,0,0,0.75) 0%|rgba(0,0,0,0) 100%&#8221; background_color_gradient_overlays_image=&#8221;on&#8221; background_color_gradient_start=&#8221;rgba(0,0,0,0.75)&#8221; background_color_gradient_end=&#8221;rgba(0,0,0,0)&#8221; background_image=&#8221;https:\/\/agrofeliz.com.co\/wp-content\/uploads\/2024\/04\/3.png&#8221; parallax=&#8221;on&#8221; background_video_mp4=&#8221;https:\/\/agrofeliz.com.co\/wp-content\/uploads\/2024\/06\/Agrofeliz-Aloe-Vera-1500-x-500-px-14.mp4&#8243; custom_button_one=&#8221;on&#8221; button_one_text_size=&#8221;18px&#8221; button_one_bg_color=&#8221;#02d002&#8243; button_one_border_width=&#8221;8px&#8221; button_one_border_color=&#8221;#02d002&#8243; button_one_border_radius=&#8221;0px&#8221; button_one_letter_spacing=&#8221;1px&#8221; button_one_font=&#8221;Lato|700|||||||&#8221; button_one_use_icon=&#8221;off&#8221; custom_button_two=&#8221;on&#8221; button_two_text_size=&#8221;18px&#8221; button_two_text_color=&#8221;#353740&#8243; button_two_bg_color=&#8221;#ffffff&#8221; button_two_border_width=&#8221;8px&#8221; button_two_border_color=&#8221;#ffffff&#8221; button_two_border_radius=&#8221;0px&#8221; button_two_letter_spacing=&#8221;1px&#8221; button_two_font=&#8221;Lato|700|||||||&#8221; button_two_use_icon=&#8221;off&#8221; custom_margin=&#8221;|||&#8221; custom_padding=&#8221;5.8%||6.2%||false|false&#8221; title_text_shadow_style=&#8221;preset2&#8243; title_text_shadow_horizontal_length=&#8221;0.04em&#8221; title_text_shadow_vertical_length=&#8221;0.06em&#8221; title_text_shadow_color=&#8221;rgba(0,0,0,0.82)&#8221; button_one_letter_spacing_hover=&#8221;1px&#8221; button_two_letter_spacing_hover=&#8221;1px&#8221; locked=&#8221;off&#8221; global_colors_info=&#8221;{}&#8221; button_one_text_size__hover_enabled=&#8221;off&#8221; button_two_text_size__hover_enabled=&#8221;off&#8221; button_one_text_color__hover_enabled=&#8221;off&#8221; button_two_text_color__hover_enabled=&#8221;off&#8221; button_one_border_width__hover_enabled=&#8221;off&#8221; button_two_border_width__hover_enabled=&#8221;off&#8221; button_one_border_color__hover_enabled=&#8221;off&#8221; button_two_border_color__hover_enabled=&#8221;off&#8221; button_one_border_radius__hover_enabled=&#8221;off&#8221; button_two_border_radius__hover_enabled=&#8221;off&#8221; button_one_letter_spacing__hover_enabled=&#8221;on&#8221; button_one_letter_spacing__hover=&#8221;1px&#8221; button_two_letter_spacing__hover_enabled=&#8221;on&#8221; button_two_letter_spacing__hover=&#8221;1px&#8221; button_one_bg_color__hover_enabled=&#8221;off&#8221; button_two_bg_color__hover_enabled=&#8221;off&#8221;][\/et_pb_fullwidth_header][\/et_pb_section][et_pb_section fb_built=&#8221;1&#8243; admin_label=&#8221;Our Story Section&#8221; _builder_version=&#8221;4.16&#8243; custom_padding=&#8221;44px||38px|||&#8221; global_colors_info=&#8221;{}&#8221;][et_pb_row column_structure=&#8221;1_2,1_2&#8243; use_custom_gutter=&#8221;on&#8221; make_equal=&#8221;on&#8221; admin_label=&#8221;Our Story Area&#8221; _builder_version=&#8221;4.25.0&#8243; width=&#8221;85%&#8221; max_width=&#8221;85%&#8221; global_colors_info=&#8221;{}&#8221;][et_pb_column type=&#8221;1_2&#8243; _builder_version=&#8221;4.16&#8243; custom_padding=&#8221;|||&#8221; global_colors_info=&#8221;{}&#8221; custom_padding__hover=&#8221;|||&#8221;][et_pb_text admin_label=&#8221;Title&#8221; _builder_version=&#8221;4.25.0&#8243; text_font=&#8221;||||||||&#8221; header_font=&#8221;||||||||&#8221; header_2_font=&#8221;Lato|||on|||||&#8221; header_2_font_size=&#8221;33px&#8221; header_2_line_height=&#8221;1.5em&#8221; module_alignment=&#8221;center&#8221; custom_margin=&#8221;||15px|&#8221; custom_padding=&#8221;|||&#8221; animation_direction=&#8221;left&#8221; global_colors_info=&#8221;{}&#8221;]<\/p>\n<h2>Customer support<br \/>\n<\/h2>\n<p>[\/et_pb_text][dipl_button _builder_version=&#8221;4.25.0&#8243; _module_preset=&#8221;default&#8221; global_colors_info=&#8221;{}&#8221;][dipl_button_item button_type=&#8221;conversion&#8221; button_text=&#8221;Escr\u00edbenos a nuestro WhatsApp &#8221; secondary_text=&#8221;+57 300 7981220&#8243; button_url=&#8221;https:\/\/wa.me\/573007981220\/&#8221; url_new_window=&#8221;on&#8221; button_bg_color=&#8221;#0cc143&#8243; button_alignment=&#8221;left&#8221; button_use_icon=&#8221;on&#8221; button_icon=&#8221;&#xf232;||fa||400&#8243; button_icon_placement=&#8221;left&#8221; button_on_hover=&#8221;off&#8221; button_custom_padding=&#8221;|30px||30px|false|true&#8221; _builder_version=&#8221;4.25.0&#8243; _module_preset=&#8221;default&#8221; button_font=&#8221;Lato|700|||||||&#8221; button_text_color=&#8221;#FFFFFF&#8221; secondary_text_text_color=&#8221;#FFFFFF&#8221; text_orientation=&#8221;center&#8221; border_radii=&#8221;on|15px|15px|15px|15px&#8221; global_colors_info=&#8221;{}&#8221;][\/dipl_button_item][\/dipl_button][dipl_button _builder_version=&#8221;4.25.0&#8243; _module_preset=&#8221;default&#8221; custom_padding=&#8221;||||false|true&#8221; global_colors_info=&#8221;{}&#8221;][dipl_button_item button_type=&#8221;conversion&#8221; button_text=&#8221;Ll\u00e1manos&#8221; secondary_text=&#8221;+57 300 6148507&#8243; button_url=&#8221;tel:+573006148507&#8243; url_new_window=&#8221;on&#8221; button_bg_color=&#8221;#202d61&#8243; button_alignment=&#8221;left&#8221; button_use_icon=&#8221;on&#8221; button_icon=&#8221;&#xe00b;||divi||400&#8243; button_icon_placement=&#8221;left&#8221; button_on_hover=&#8221;off&#8221; button_custom_padding=&#8221;|110px||110px|false|true&#8221; _builder_version=&#8221;4.25.0&#8243; _module_preset=&#8221;default&#8221; button_font=&#8221;Lato|700|||||||&#8221; button_text_color=&#8221;#FFFFFF&#8221; secondary_text_text_color=&#8221;#FFFFFF&#8221; text_orientation=&#8221;center&#8221; border_radii=&#8221;on|15px|15px|15px|15px&#8221; global_colors_info=&#8221;{}&#8221;][\/dipl_button_item][\/dipl_button][\/et_pb_column][et_pb_column type=&#8221;1_2&#8243; _builder_version=&#8221;4.16&#8243; custom_padding=&#8221;|||&#8221; global_colors_info=&#8221;{}&#8221; custom_padding__hover=&#8221;|||&#8221;][et_pb_text _builder_version=&#8221;4.25.0&#8243; text_font=&#8221;|300|||||||&#8221; text_text_color=&#8221;#000000&#8243; text_font_size=&#8221;18px&#8221; text_line_height=&#8221;1.3em&#8221; animation_direction=&#8221;left&#8221; global_colors_info=&#8221;{}&#8221;]<\/p>\n<p>Agrofeliz's team of professionals is at your disposal to clarify your doubts, complete the form to start a conversation:<\/p>\n<p>[\/et_pb_text][et_pb_code raw_content_tablet=&#8221;<iframe width=\"%22100%%22\" height=\"%22400%22\" allowtransparency=\"%22true%22\" frameborder=\"%220%22\" scrolling=\"%22no%22\" style=\"%22border:none%22\" src=\"%22https:\/\/www.emailmeform.com\/builder\/embed\/MSacbsBw4GtPc27%22\" allow=\"%22camera%22\"><a href=\"\/en\/%22https:\/\/www.emailmeform.com\/builder\/embed\/MSacbsBw4GtPc27%22\/\">Fill out form.<\/a><\/iframe>&#8221; raw_content_phone=&#8221;<iframe width=\"%22100%%22\" height=\"%22500%22\" allowtransparency=\"%22true%22\" frameborder=\"%220%22\" scrolling=\"%22no%22\" style=\"%22border:none%22\" src=\"%22https:\/\/www.emailmeform.com\/builder\/embed\/MSacbsBw4GtPc27%22\" allow=\"%22camera%22\"><a href=\"\/en\/%22https:\/\/www.emailmeform.com\/builder\/embed\/MSacbsBw4GtPc27%22\/\">Fill out form.<\/a><\/iframe>&#8221; raw_content_last_edited=&#8221;on|phone&#8221; _builder_version=&#8221;4.25.0&#8243; _module_preset=&#8221;default&#8221; global_colors_info=&#8221;{}&#8221;]<iframe width=\"100%\" height=\"350\" allowtransparency=\"true\" frameborder=\"0\" scrolling=\"no\" style=\"border:none\" src=\"https:\/\/www.emailmeform.com\/builder\/embed\/MSacbsBw4GtPc27\" allow=\"camera\"><a href=\"https:\/\/www.emailmeform.com\/builder\/embed\/MSacbsBw4GtPc27\">Fill out form.<\/a><\/iframe>[\/et_pb_code][\/et_pb_column][\/et_pb_row][et_pb_row _builder_version=&#8221;4.25.0&#8243; _module_preset=&#8221;default&#8221; width=&#8221;100%&#8221; max_width=&#8221;100%&#8221; custom_padding=&#8221;0px|||||&#8221; global_colors_info=&#8221;{}&#8221;][et_pb_column type=&#8221;4_4&#8243; _builder_version=&#8221;4.25.0&#8243; _module_preset=&#8221;default&#8221; global_colors_info=&#8221;{}&#8221;][et_pb_image src=&#8221;https:\/\/agrofeliz.com.co\/wp-content\/uploads\/2024\/04\/Ubicacion-Estrategica.png&#8221; title_text=&#8221;Ubicaci\u00f3n Estrategica&#8221; _builder_version=&#8221;4.25.0&#8243; _module_preset=&#8221;default&#8221; global_colors_info=&#8221;{}&#8221;][\/et_pb_image][\/et_pb_column][\/et_pb_row][\/et_pb_section]<\/p>","protected":false},"excerpt":{"rendered":"<p>Customer support <div class=\"et_pb_module dipl_button dipl_button_0\">\n\t\t\t\t\n\t\t\t\t\n\t\t\t\t\n\t\t\t\t\n\t\t\t\t\n\t\t\t\t\n\t\t\t\t<div class=\"et_pb_module_inner\">\n\t\t\t\t\t<div class=\"et_pb_module dipl_button_item dipl_button_item_0\">\n\t\t\t\t\n\t\t\t\t\n\t\t\t\t\n\t\t\t\t\n\t\t\t\t\n\t\t\t\t\n\t\t\t\t<div class=\"et_pb_module_inner\">\n\t\t\t\t\t<div class=\"dipl_button_wrapper dipl_button_conversion\"><a class=\"dipl_button_link dipl_button_default_fill dipl_button_icon_left\" href=\"https:\/\/wa.me\/573007981220\/\" target=\"_blank\"><span class=\"dipl_button_text dipl_button_icon\" data-icon=\"&#xf232;\">Send a message to our WhatsApp <\/span><span class=\"dipl_button_secondary_text\">+57 300 7981220<\/span><\/a><\/div>\n\t\t\t\t<\/div>\n\t\t\t<\/div>\n\t\t\t\t<\/div>\n\t\t\t<\/div><div class=\"et_pb_module dipl_button dipl_button_1\">\n\t\t\t\t\n\t\t\t\t\n\t\t\t\t\n\t\t\t\t\n\t\t\t\t\n\t\t\t\t\n\t\t\t\t<div class=\"et_pb_module_inner\">\n\t\t\t\t\t\n\t\t\t\t<\/div>\n\t\t\t<\/div><div class=\"et_pb_module dipl_button_item dipl_button_item_1\">\n\t\t\t\t\n\t\t\t\t\n\t\t\t\t\n\t\t\t\t\n\t\t\t\t\n\t\t\t\t\n\t\t\t\t<div class=\"et_pb_module_inner\">\n\t\t\t\t\t<div class=\"dipl_button_wrapper dipl_button_&#8221;conversion&#8221;\"><a class=\"dipl_button_link dipl_button_default_fill\" href=\"\" target=\"_self\"><span class=\"dipl_button_text\">&#8221;Ll\u00e1manos&#8221;<\/span><\/a><\/div>\n\t\t\t\t<\/div>\n\t\t\t<\/div><\/p>","protected":false},"author":1,"featured_media":68,"parent":0,"menu_order":4,"comment_status":"closed","ping_status":"closed","template":"","meta":{"_et_pb_use_builder":"on","_et_pb_old_content":"<h2>Atenci\u00f3n al cliente<\/h2>\nEscr\u00edbenos a nuestro WhatsApp\n\n<a href=\"https:\/\/wa.me\/573007981220\/\" target=\"_blank\" role=\"button\" rel=\"noopener\">\n<svg aria-hidden=\"true\" viewBox=\"0 0 448 512\" xmlns=\"http:\/\/www.w3.org\/2000\/svg\"><path d=\"M380.9 97.1C339 55.1 283.2 32 223.9 32c-122.4 0-222 99.6-222 222 0 39.1 10.2 77.3 29.6 111L0 480l117.7-30.9c32.4 17.7 68.9 27 106.1 27h.1c122.3 0 224.1-99.6 224.1-222 0-59.3-25.2-115-67.1-157zm-157 341.6c-33.2 0-65.7-8.9-94-25.7l-6.7-4-69.8 18.3L72 359.2l-4.4-7c-18.5-29.4-28.2-63.3-28.2-98.2 0-101.7 82.8-184.5 184.6-184.5 49.3 0 95.6 19.2 130.4 54.1 34.8 34.9 56.2 81.2 56.1 130.5 0 101.8-84.9 184.6-186.6 184.6zm101.2-138.2c-5.5-2.8-32.8-16.2-37.9-18-5.1-1.9-8.8-2.8-12.5 2.8-3.7 5.6-14.3 18-17.6 21.8-3.2 3.7-6.5 4.2-12 1.4-32.6-16.3-54-29.1-75.5-66-5.7-9.8 5.7-9.1 16.3-30.3 1.8-3.7.9-6.9-.5-9.7-1.4-2.8-12.5-30.1-17.1-41.2-4.5-10.8-9.1-9.3-12.5-9.5-3.2-.2-6.9-.2-10.6-.2-3.7 0-9.7 1.4-14.8 6.9-5.1 5.6-19.4 19-19.4 46.3 0 27.3 19.9 53.7 22.6 57.4 2.8 3.7 39.1 59.7 94.8 83.8 35.2 15.2 49 16.5 66.6 13.9 10.7-1.6 32.8-13.4 37.4-26.4 4.6-13 4.6-24.1 3.2-26.4-1.3-2.5-5-3.9-10.5-6.6z\"><\/path><\/svg>\n+57 300 7981220\n<\/a>\n\nLl\u00e1manos:\n\n<a href=\"tel:+573006148507\" role=\"button\">\n<svg aria-hidden=\"true\" viewBox=\"0 0 384 512\" xmlns=\"http:\/\/www.w3.org\/2000\/svg\"><path d=\"M97.333 506.966c-129.874-129.874-129.681-340.252 0-469.933 5.698-5.698 14.527-6.632 21.263-2.422l64.817 40.513a17.187 17.187 0 0 1 6.849 20.958l-32.408 81.021a17.188 17.188 0 0 1-17.669 10.719l-55.81-5.58c-21.051 58.261-20.612 122.471 0 179.515l55.811-5.581a17.188 17.188 0 0 1 17.669 10.719l32.408 81.022a17.188 17.188 0 0 1-6.849 20.958l-64.817 40.513a17.19 17.19 0 0 1-21.264-2.422zM247.126 95.473c11.832 20.047 11.832 45.008 0 65.055-3.95 6.693-13.108 7.959-18.718 2.581l-5.975-5.726c-3.911-3.748-4.793-9.622-2.261-14.41a32.063 32.063 0 0 0 0-29.945c-2.533-4.788-1.65-10.662 2.261-14.41l5.975-5.726c5.61-5.378 14.768-4.112 18.718 2.581zm91.787-91.187c60.14 71.604 60.092 175.882 0 247.428-4.474 5.327-12.53 5.746-17.552.933l-5.798-5.557c-4.56-4.371-4.977-11.529-.93-16.379 49.687-59.538 49.646-145.933 0-205.422-4.047-4.85-3.631-12.008.93-16.379l5.798-5.557c5.022-4.813 13.078-4.394 17.552.933zm-45.972 44.941c36.05 46.322 36.108 111.149 0 157.546-4.39 5.641-12.697 6.251-17.856 1.304l-5.818-5.579c-4.4-4.219-4.998-11.095-1.285-15.931 26.536-34.564 26.534-82.572 0-117.134-3.713-4.836-3.115-11.711 1.285-15.931l5.818-5.579c5.159-4.947 13.466-4.337 17.856 1.304z\"><\/path><\/svg>\n+57 300 6148507\n<\/a>\n\nEl equipo de profesionales de Agrofeliz se encuentra a tu disposici\u00f3n para aclararte tus dudas, completa el formulario para iniciar una conversaci\u00f3n:","_et_gb_content_width":"","footnotes":""},"class_list":["post-20","page","type-page","status-publish","has-post-thumbnail","hentry"],"yoast_head":"<!-- This site is optimized with the Yoast SEO plugin v26.2 - https:\/\/yoast.com\/wordpress\/plugins\/seo\/ -->\n<title>Cont\u00e1ctanos - Agrofeliz<\/title>\n<meta name=\"description\" content=\"Aqu\u00ed podr\u00e1s encontrar medios de contacto con nuestros asesores de ventas al por mayor, o postularte como proveedor de materia prima.\" \/>\n<meta name=\"robots\" content=\"index, follow, max-snippet:-1, max-image-preview:large, max-video-preview:-1\" \/>\n<link rel=\"canonical\" href=\"https:\/\/agrofeliz.com.co\/en\/contacto\/\" \/>\n<meta property=\"og:locale\" content=\"en_US\" \/>\n<meta property=\"og:type\" content=\"article\" \/>\n<meta property=\"og:title\" content=\"Cont\u00e1ctanos - Agrofeliz\" \/>\n<meta property=\"og:description\" content=\"Aqu\u00ed podr\u00e1s encontrar medios de contacto con nuestros asesores de ventas al por mayor, o postularte como proveedor de materia prima.\" \/>\n<meta property=\"og:url\" content=\"https:\/\/agrofeliz.com.co\/en\/contacto\/\" \/>\n<meta property=\"og:site_name\" content=\"Agrofeliz\" \/>\n<meta property=\"article:publisher\" content=\"https:\/\/www.facebook.com\/Agrofeliz\/\" \/>\n<meta property=\"article:modified_time\" content=\"2024-07-18T00:36:19+00:00\" \/>\n<meta property=\"og:image\" content=\"https:\/\/agrofeliz.com.co\/wp-content\/uploads\/2023\/06\/Asesores.webp\" \/>\n\t<meta property=\"og:image:width\" content=\"1600\" \/>\n\t<meta property=\"og:image:height\" content=\"700\" \/>\n\t<meta property=\"og:image:type\" content=\"image\/webp\" \/>\n<meta name=\"twitter:card\" content=\"summary_large_image\" \/>\n<meta name=\"twitter:label1\" content=\"Est. reading time\" \/>\n\t<meta name=\"twitter:data1\" content=\"1 minute\" \/>\n<script type=\"application\/ld+json\" class=\"yoast-schema-graph\">{\"@context\":\"https:\/\/schema.org\",\"@graph\":[{\"@type\":\"WebPage\",\"@id\":\"https:\/\/agrofeliz.com.co\/contacto\",\"url\":\"https:\/\/agrofeliz.com.co\/contacto\",\"name\":\"Cont\u00e1ctanos - Agrofeliz\",\"isPartOf\":{\"@id\":\"https:\/\/agrofeliz.com.co\/#website\"},\"primaryImageOfPage\":{\"@id\":\"https:\/\/agrofeliz.com.co\/contacto#primaryimage\"},\"image\":{\"@id\":\"https:\/\/agrofeliz.com.co\/contacto#primaryimage\"},\"thumbnailUrl\":\"https:\/\/agrofeliz.com.co\/wp-content\/uploads\/2023\/06\/Asesores.webp\",\"datePublished\":\"2023-06-14T00:26:59+00:00\",\"dateModified\":\"2024-07-18T00:36:19+00:00\",\"description\":\"Aqu\u00ed podr\u00e1s encontrar medios de contacto con nuestros asesores de ventas al por mayor, o postularte como proveedor de materia prima.\",\"breadcrumb\":{\"@id\":\"https:\/\/agrofeliz.com.co\/contacto#breadcrumb\"},\"inLanguage\":\"en-US\",\"potentialAction\":[{\"@type\":\"ReadAction\",\"target\":[\"https:\/\/agrofeliz.com.co\/contacto\"]}]},{\"@type\":\"ImageObject\",\"inLanguage\":\"en-US\",\"@id\":\"https:\/\/agrofeliz.com.co\/contacto#primaryimage\",\"url\":\"https:\/\/agrofeliz.com.co\/wp-content\/uploads\/2023\/06\/Asesores.webp\",\"contentUrl\":\"https:\/\/agrofeliz.com.co\/wp-content\/uploads\/2023\/06\/Asesores.webp\",\"width\":1600,\"height\":700},{\"@type\":\"BreadcrumbList\",\"@id\":\"https:\/\/agrofeliz.com.co\/contacto#breadcrumb\",\"itemListElement\":[{\"@type\":\"ListItem\",\"position\":1,\"name\":\"Agrofeliz\",\"item\":\"https:\/\/agrofeliz.com.co\/\"},{\"@type\":\"ListItem\",\"position\":2,\"name\":\"Cont\u00e1ctanos\"}]},{\"@type\":\"WebSite\",\"@id\":\"https:\/\/agrofeliz.com.co\/#website\",\"url\":\"https:\/\/agrofeliz.com.co\/\",\"name\":\"Agrofeliz\",\"description\":\"Productores de Aloe Vera Org\u00e1nica en Colombia\",\"publisher\":{\"@id\":\"https:\/\/agrofeliz.com.co\/#organization\"},\"potentialAction\":[{\"@type\":\"SearchAction\",\"target\":{\"@type\":\"EntryPoint\",\"urlTemplate\":\"https:\/\/agrofeliz.com.co\/?s={search_term_string}\"},\"query-input\":{\"@type\":\"PropertyValueSpecification\",\"valueRequired\":true,\"valueName\":\"search_term_string\"}}],\"inLanguage\":\"en-US\"},{\"@type\":\"Organization\",\"@id\":\"https:\/\/agrofeliz.com.co\/#organization\",\"name\":\"Agrofeliz Zomac SAS\",\"alternateName\":\"Agrofeliz\",\"url\":\"https:\/\/agrofeliz.com.co\/\",\"logo\":{\"@type\":\"ImageObject\",\"inLanguage\":\"en-US\",\"@id\":\"https:\/\/agrofeliz.com.co\/#\/schema\/logo\/image\/\",\"url\":\"https:\/\/agrofeliz.com.co\/wp-content\/uploads\/2023\/06\/Agrofeliz_r.svg\",\"contentUrl\":\"https:\/\/agrofeliz.com.co\/wp-content\/uploads\/2023\/06\/Agrofeliz_r.svg\",\"width\":870,\"height\":262,\"caption\":\"Agrofeliz Zomac SAS\"},\"image\":{\"@id\":\"https:\/\/agrofeliz.com.co\/#\/schema\/logo\/image\/\"},\"sameAs\":[\"https:\/\/www.facebook.com\/Agrofeliz\/\",\"https:\/\/instagram.com\/agrofeliz_zomac\"]}]}<\/script>\n<!-- \/ Yoast SEO plugin. -->","yoast_head_json":{"title":"Contact Us - Agrofeliz","description":"Here you can find means of contact with our wholesale sales advisers, or apply as a supplier of raw materials.","robots":{"index":"index","follow":"follow","max-snippet":"max-snippet:-1","max-image-preview":"max-image-preview:large","max-video-preview":"max-video-preview:-1"},"canonical":"https:\/\/agrofeliz.com.co\/en\/contacto\/","og_locale":"en_US","og_type":"article","og_title":"Cont\u00e1ctanos - Agrofeliz","og_description":"Aqu\u00ed podr\u00e1s encontrar medios de contacto con nuestros asesores de ventas al por mayor, o postularte como proveedor de materia prima.","og_url":"https:\/\/agrofeliz.com.co\/en\/contacto\/","og_site_name":"Agrofeliz","article_publisher":"https:\/\/www.facebook.com\/Agrofeliz\/","article_modified_time":"2024-07-18T00:36:19+00:00","og_image":[{"width":1600,"height":700,"url":"https:\/\/agrofeliz.com.co\/wp-content\/uploads\/2023\/06\/Asesores.webp","type":"image\/webp"}],"twitter_card":"summary_large_image","twitter_misc":{"Est. reading time":"1 minute"},"schema":{"@context":"https:\/\/schema.org","@graph":[{"@type":"WebPage","@id":"https:\/\/agrofeliz.com.co\/contacto","url":"https:\/\/agrofeliz.com.co\/contacto","name":"Contact Us - Agrofeliz","isPartOf":{"@id":"https:\/\/agrofeliz.com.co\/#website"},"primaryImageOfPage":{"@id":"https:\/\/agrofeliz.com.co\/contacto#primaryimage"},"image":{"@id":"https:\/\/agrofeliz.com.co\/contacto#primaryimage"},"thumbnailUrl":"https:\/\/agrofeliz.com.co\/wp-content\/uploads\/2023\/06\/Asesores.webp","datePublished":"2023-06-14T00:26:59+00:00","dateModified":"2024-07-18T00:36:19+00:00","description":"Here you can find means of contact with our wholesale sales advisers, or apply as a supplier of raw materials.","breadcrumb":{"@id":"https:\/\/agrofeliz.com.co\/contacto#breadcrumb"},"inLanguage":"en-US","potentialAction":[{"@type":"ReadAction","target":["https:\/\/agrofeliz.com.co\/contacto"]}]},{"@type":"ImageObject","inLanguage":"en-US","@id":"https:\/\/agrofeliz.com.co\/contacto#primaryimage","url":"https:\/\/agrofeliz.com.co\/wp-content\/uploads\/2023\/06\/Asesores.webp","contentUrl":"https:\/\/agrofeliz.com.co\/wp-content\/uploads\/2023\/06\/Asesores.webp","width":1600,"height":700},{"@type":"BreadcrumbList","@id":"https:\/\/agrofeliz.com.co\/contacto#breadcrumb","itemListElement":[{"@type":"ListItem","position":1,"name":"Agrofeliz","item":"https:\/\/agrofeliz.com.co\/"},{"@type":"ListItem","position":2,"name":"Cont\u00e1ctanos"}]},{"@type":"WebSite","@id":"https:\/\/agrofeliz.com.co\/#website","url":"https:\/\/agrofeliz.com.co\/","name":"Agrofeliz","description":"Productores de Aloe Vera Org\u00e1nica en Colombia","publisher":{"@id":"https:\/\/agrofeliz.com.co\/#organization"},"potentialAction":[{"@type":"SearchAction","target":{"@type":"EntryPoint","urlTemplate":"https:\/\/agrofeliz.com.co\/?s={search_term_string}"},"query-input":{"@type":"PropertyValueSpecification","valueRequired":true,"valueName":"search_term_string"}}],"inLanguage":"en-US"},{"@type":"Organization","@id":"https:\/\/agrofeliz.com.co\/#organization","name":"Agrofeliz Zomac SAS","alternateName":"Agrofeliz","url":"https:\/\/agrofeliz.com.co\/","logo":{"@type":"ImageObject","inLanguage":"en-US","@id":"https:\/\/agrofeliz.com.co\/#\/schema\/logo\/image\/","url":"https:\/\/agrofeliz.com.co\/wp-content\/uploads\/2023\/06\/Agrofeliz_r.svg","contentUrl":"https:\/\/agrofeliz.com.co\/wp-content\/uploads\/2023\/06\/Agrofeliz_r.svg","width":870,"height":262,"caption":"Agrofeliz Zomac SAS"},"image":{"@id":"https:\/\/agrofeliz.com.co\/#\/schema\/logo\/image\/"},"sameAs":["https:\/\/www.facebook.com\/Agrofeliz\/","https:\/\/instagram.com\/agrofeliz_zomac"]}]}},"_links":{"self":[{"href":"https:\/\/agrofeliz.com.co\/en\/wp-json\/wp\/v2\/pages\/20","targetHints":{"allow":["GET"]}}],"collection":[{"href":"https:\/\/agrofeliz.com.co\/en\/wp-json\/wp\/v2\/pages"}],"about":[{"href":"https:\/\/agrofeliz.com.co\/en\/wp-json\/wp\/v2\/types\/page"}],"author":[{"embeddable":true,"href":"https:\/\/agrofeliz.com.co\/en\/wp-json\/wp\/v2\/users\/1"}],"replies":[{"embeddable":true,"href":"https:\/\/agrofeliz.com.co\/en\/wp-json\/wp\/v2\/comments?post=20"}],"version-history":[{"count":18,"href":"https:\/\/agrofeliz.com.co\/en\/wp-json\/wp\/v2\/pages\/20\/revisions"}],"predecessor-version":[{"id":1147,"href":"https:\/\/agrofeliz.com.co\/en\/wp-json\/wp\/v2\/pages\/20\/revisions\/1147"}],"wp:featuredmedia":[{"embeddable":true,"href":"https:\/\/agrofeliz.com.co\/en\/wp-json\/wp\/v2\/media\/68"}],"wp:attachment":[{"href":"https:\/\/agrofeliz.com.co\/en\/wp-json\/wp\/v2\/media?parent=20"}],"curies":[{"name":"wp","href":"https:\/\/api.w.org\/{rel}","templated":true}]}}